{"id":20648,"date":"2024-05-09T13:22:11","date_gmt":"2024-05-09T13:22:11","guid":{"rendered":"https:\/\/www.todoenbelleza.es\/?post_type=product&#038;p=20648"},"modified":"2024-05-09T13:45:11","modified_gmt":"2024-05-09T13:45:11","slug":"anti-maculata-crema-facial-anti-manchas","status":"publish","type":"product","link":"https:\/\/www.todoenbelleza.es\/en\/product\/anti-maculata-crema-facial-anti-manchas\/","title":{"rendered":"Anti Maculata &#8211; Crema facial anti-manchas."},"content":{"rendered":"<p><strong>Descripci\u00f3n<\/strong>:<br \/>\nPara pieles preocupadas en mantener un cutis joven, luminoso y sin manchas. Formulada con retinol que ha demostrado tener acci\u00f3n antienvejecimiento al participar en la s\u00edntesis de col\u00e1geno, elastina y \u00e1cido hialur\u00f3nico. Al acelerar el proceso de renovaci\u00f3n celular, mejora textura e imperfecciones, y aumenta la firmeza y elasticidad de la piel. El retinol junto con la sinergia del extracto de regaliz y gayuba van a ayudar a prevenir y atenuar las hiperpigmentaciones de la piel gracias a la disminuci\u00f3n de la s\u00edntesis de melanina.<\/p>\n<p><strong>Modo de empleo:<\/strong><br \/>\nAplicar por la noche en cara, cuello y escote despu\u00e9s de una correcta higiene de la piel. Realizar movimientos circulares hasta su completa absorci\u00f3n.<\/p>\n<p><strong>Componentes principales:<\/strong><br \/>\nExtracto de Aloe Vera, extracto de hoja de gayuba Retinol, extracto de germen de trigo, extracto de regaliz. Contiene compuestos relacionados con la vitamina A, que contribuyen a la ingesta diaria de vitamina A de la piel.<\/p>","protected":false},"excerpt":{"rendered":"<p>Descripci\u00f3n: Para pieles preocupadas en mantener un cutis joven, luminoso y sin manchas. Formulada con retinol que ha demostrado tener acci\u00f3n antienvejecimiento al participar en la s\u00edntesis de col\u00e1geno, elastina y \u00e1cido hialur\u00f3nico. Al acelerar el proceso de renovaci\u00f3n celular, mejora textura e imperfecciones, y aumenta la firmeza y elasticidad de la piel. El retinol [&hellip;]<\/p>","protected":false},"featured_media":20649,"comment_status":"closed","ping_status":"closed","template":"","meta":{"_et_pb_use_builder":"","_et_pb_old_content":"","_et_gb_content_width":"","_joinchat":[]},"product_cat":[745],"product_tag":[],"yoast_head":"<!-- This site is optimized with the Yoast SEO plugin v20.10 - https:\/\/yoast.com\/wordpress\/plugins\/seo\/ -->\n<title>Anti Maculata - Crema facial anti-manchas. - Todo en Belleza con Cuca Miquel<\/title>\n<meta name=\"description\" content=\"Para pieles preocupadas en mantener un cutis joven, luminoso y sin manchas.\" \/>\n<meta name=\"robots\" content=\"index, follow, max-snippet:-1, max-image-preview:large, max-video-preview:-1\" \/>\n<link rel=\"canonical\" href=\"https:\/\/www.todoenbelleza.es\/en\/product\/anti-maculata-crema-facial-anti-manchas\/\" \/>\n<meta property=\"og:locale\" content=\"en_GB\" \/>\n<meta property=\"og:type\" content=\"article\" \/>\n<meta property=\"og:title\" content=\"Anti Maculata - Crema facial anti-manchas. - Todo en Belleza con Cuca Miquel\" \/>\n<meta property=\"og:description\" content=\"Para pieles preocupadas en mantener un cutis joven, luminoso y sin manchas.\" \/>\n<meta property=\"og:url\" content=\"https:\/\/www.todoenbelleza.es\/en\/product\/anti-maculata-crema-facial-anti-manchas\/\" \/>\n<meta property=\"og:site_name\" content=\"Todo en Belleza con Cuca Miquel\" \/>\n<meta property=\"article:publisher\" content=\"https:\/\/www.facebook.com\/www.todoenbelleza.es\/\" \/>\n<meta property=\"article:modified_time\" content=\"2024-05-09T13:45:11+00:00\" \/>\n<meta property=\"og:image\" content=\"https:\/\/www.todoenbelleza.es\/wp-content\/uploads\/2024\/05\/Anti-Maculata.jpg\" \/>\n\t<meta property=\"og:image:width\" content=\"2089\" \/>\n\t<meta property=\"og:image:height\" content=\"1600\" \/>\n\t<meta property=\"og:image:type\" content=\"image\/jpeg\" \/>\n<meta name=\"twitter:card\" content=\"summary_large_image\" \/>\n<meta name=\"twitter:site\" content=\"@todoenbelleza1\" \/>\n<meta name=\"twitter:label1\" content=\"Estimated reading time\" \/>\n\t<meta name=\"twitter:data1\" content=\"1 minute\" \/>\n<!-- \/ Yoast SEO plugin. -->","yoast_head_json":{"title":"Anti Maculata - Crema facial anti-manchas. - Todo en Belleza con Cuca Miquel","description":"Para pieles preocupadas en mantener un cutis joven, luminoso y sin manchas.","robots":{"index":"index","follow":"follow","max-snippet":"max-snippet:-1","max-image-preview":"max-image-preview:large","max-video-preview":"max-video-preview:-1"},"canonical":"https:\/\/www.todoenbelleza.es\/en\/product\/anti-maculata-crema-facial-anti-manchas\/","og_locale":"en_GB","og_type":"article","og_title":"Anti Maculata - Crema facial anti-manchas. - Todo en Belleza con Cuca Miquel","og_description":"Para pieles preocupadas en mantener un cutis joven, luminoso y sin manchas.","og_url":"https:\/\/www.todoenbelleza.es\/en\/product\/anti-maculata-crema-facial-anti-manchas\/","og_site_name":"Todo en Belleza con Cuca Miquel","article_publisher":"https:\/\/www.facebook.com\/www.todoenbelleza.es\/","article_modified_time":"2024-05-09T13:45:11+00:00","og_image":[{"width":2089,"height":1600,"url":"https:\/\/www.todoenbelleza.es\/wp-content\/uploads\/2024\/05\/Anti-Maculata.jpg","type":"image\/jpeg"}],"twitter_card":"summary_large_image","twitter_site":"@todoenbelleza1","twitter_misc":{"Estimated reading time":"1 minute"},"schema":{"@context":"https:\/\/schema.org","@graph":[{"@type":"WebPage","@id":"https:\/\/www.todoenbelleza.es\/producto\/anti-maculata-crema-facial-anti-manchas\/","url":"https:\/\/www.todoenbelleza.es\/producto\/anti-maculata-crema-facial-anti-manchas\/","name":"Anti Maculata - Crema facial anti-manchas. - Todo en Belleza con Cuca Miquel","isPartOf":{"@id":"https:\/\/www.todoenbelleza.es\/#website"},"datePublished":"2024-05-09T13:22:11+00:00","dateModified":"2024-05-09T13:45:11+00:00","description":"Para pieles preocupadas en mantener un cutis joven, luminoso y sin manchas.","breadcrumb":{"@id":"https:\/\/www.todoenbelleza.es\/producto\/anti-maculata-crema-facial-anti-manchas\/#breadcrumb"},"inLanguage":"en-GB","potentialAction":[{"@type":"ReadAction","target":["https:\/\/www.todoenbelleza.es\/producto\/anti-maculata-crema-facial-anti-manchas\/"]}]},{"@type":"BreadcrumbList","@id":"https:\/\/www.todoenbelleza.es\/producto\/anti-maculata-crema-facial-anti-manchas\/#breadcrumb","itemListElement":[{"@type":"ListItem","position":1,"name":"Portada","item":"https:\/\/www.todoenbelleza.es\/"},{"@type":"ListItem","position":2,"name":"Productos","item":"https:\/\/www.todoenbelleza.es\/shop\/"},{"@type":"ListItem","position":3,"name":"Anti Maculata &#8211; Crema facial anti-manchas."}]},{"@type":"WebSite","@id":"https:\/\/www.todoenbelleza.es\/#website","url":"https:\/\/www.todoenbelleza.es\/","name":"Todo en Belleza con Cuca Miquel","description":"Centro de belleza y medicina est\u00e9tica en Madrid","publisher":{"@id":"https:\/\/www.todoenbelleza.es\/#organization"},"potentialAction":[{"@type":"SearchAction","target":{"@type":"EntryPoint","urlTemplate":"https:\/\/www.todoenbelleza.es\/?s={search_term_string}"},"query-input":"required name=search_term_string"}],"inLanguage":"en-GB"},{"@type":"Organization","@id":"https:\/\/www.todoenbelleza.es\/#organization","name":"Todo en Belleza con Cuca Miquel","url":"https:\/\/www.todoenbelleza.es\/","logo":{"@type":"ImageObject","inLanguage":"en-GB","@id":"https:\/\/www.todoenbelleza.es\/#\/schema\/logo\/image\/","url":"https:\/\/www.todoenbelleza.es\/wp-content\/uploads\/2023\/02\/logocabecera.png","contentUrl":"https:\/\/www.todoenbelleza.es\/wp-content\/uploads\/2023\/02\/logocabecera.png","width":311,"height":60,"caption":"Todo en Belleza con Cuca Miquel"},"image":{"@id":"https:\/\/www.todoenbelleza.es\/#\/schema\/logo\/image\/"},"sameAs":["https:\/\/www.facebook.com\/www.todoenbelleza.es\/","https:\/\/twitter.com\/todoenbelleza1","https:\/\/www.instagram.com\/todo.en.belleza_cucamiquel\/"]}]}},"_links":{"self":[{"href":"https:\/\/www.todoenbelleza.es\/en\/wp-json\/wp\/v2\/product\/20648"}],"collection":[{"href":"https:\/\/www.todoenbelleza.es\/en\/wp-json\/wp\/v2\/product"}],"about":[{"href":"https:\/\/www.todoenbelleza.es\/en\/wp-json\/wp\/v2\/types\/product"}],"replies":[{"embeddable":true,"href":"https:\/\/www.todoenbelleza.es\/en\/wp-json\/wp\/v2\/comments?post=20648"}],"wp:featuredmedia":[{"embeddable":true,"href":"https:\/\/www.todoenbelleza.es\/en\/wp-json\/wp\/v2\/media\/20649"}],"wp:attachment":[{"href":"https:\/\/www.todoenbelleza.es\/en\/wp-json\/wp\/v2\/media?parent=20648"}],"wp:term":[{"taxonomy":"product_cat","embeddable":true,"href":"https:\/\/www.todoenbelleza.es\/en\/wp-json\/wp\/v2\/product_cat?post=20648"},{"taxonomy":"product_tag","embeddable":true,"href":"https:\/\/www.todoenbelleza.es\/en\/wp-json\/wp\/v2\/product_tag?post=20648"}],"curies":[{"name":"wp","href":"https:\/\/api.w.org\/{rel}","templated":true}]}}