{"id":20646,"date":"2024-05-09T13:20:28","date_gmt":"2024-05-09T13:20:28","guid":{"rendered":"https:\/\/www.todoenbelleza.es\/?post_type=product&#038;p=20646"},"modified":"2024-05-20T12:17:54","modified_gmt":"2024-05-20T12:17:54","slug":"rosea-hydrataci-crema-facial-hidratante","status":"publish","type":"product","link":"https:\/\/www.todoenbelleza.es\/en\/product\/rosea-hydrataci-crema-facial-hidratante\/","title":{"rendered":"Rosea Hydrataci &#8211; Crema facial hidratante"},"content":{"rendered":"<p><strong>Descripci\u00f3n<\/strong>:<br \/>\nCrema facial de textura geloide que aportar\u00e1 a la piel un extra de hidrataci\u00f3n y frescor inmediato. Formulada con una combinaci\u00f3n de cuatro \u00e1cidos hialur\u00f3nicos de diferentes pesos moleculares que reestructuran, redensifican, restauran e hidratan la piel. La provitamina B5 (pantenol) ayuda a mejorar la elasticidad cut\u00e1nea. El germen de trigo y el aloe vera ayudar\u00e1n a retrasar el envejecimiento de la piel.<\/p>\n<p><strong>Modo de empleo:<\/strong><br \/>\nAplicar en cara, cuello y escote despu\u00e9s de una correcta higiene de la piel. Realizar movimientos circulares hasta su completa absorci\u00f3n.<\/p>\n<p><strong>Componentes principales:<\/strong><br \/>\nExtracto de Aloe VeraIngredients: Aqua (Water), Propylene Glycol, Aloe Barbadensis (Aloe) Leaf Juice, extracto de germen de trigo y \u00e1cido hialur\u00f3nico.<\/p>","protected":false},"excerpt":{"rendered":"<p>Descripci\u00f3n: Crema facial de textura geloide que aportar\u00e1 a la piel un extra de hidrataci\u00f3n y frescor inmediato. Formulada con una combinaci\u00f3n de cuatro \u00e1cidos hialur\u00f3nicos de diferentes pesos moleculares que reestructuran, redensifican, restauran e hidratan la piel. La provitamina B5 (pantenol) ayuda a mejorar la elasticidad cut\u00e1nea. El germen de trigo y el aloe [&hellip;]<\/p>","protected":false},"featured_media":20647,"comment_status":"closed","ping_status":"closed","template":"","meta":{"_et_pb_use_builder":"","_et_pb_old_content":"","_et_gb_content_width":"","_joinchat":[]},"product_cat":[744],"product_tag":[],"yoast_head":"<!-- This site is optimized with the Yoast SEO plugin v20.10 - https:\/\/yoast.com\/wordpress\/plugins\/seo\/ -->\n<title>Rosea Hydrataci - Crema facial hidratante - Todo en Belleza con Cuca Miquel<\/title>\n<meta name=\"description\" content=\"Crema facial de textura geloide que aportar\u00e1 a la piel un extra de hidrataci\u00f3n y frescor inmediato.\" \/>\n<meta name=\"robots\" content=\"index, follow, max-snippet:-1, max-image-preview:large, max-video-preview:-1\" \/>\n<link rel=\"canonical\" href=\"https:\/\/www.todoenbelleza.es\/en\/product\/rosea-hydrataci-crema-facial-hidratante\/\" \/>\n<meta property=\"og:locale\" content=\"en_GB\" \/>\n<meta property=\"og:type\" content=\"article\" \/>\n<meta property=\"og:title\" content=\"Rosea Hydrataci - Crema facial hidratante - Todo en Belleza con Cuca Miquel\" \/>\n<meta property=\"og:description\" content=\"Crema facial de textura geloide que aportar\u00e1 a la piel un extra de hidrataci\u00f3n y frescor inmediato.\" \/>\n<meta property=\"og:url\" content=\"https:\/\/www.todoenbelleza.es\/en\/product\/rosea-hydrataci-crema-facial-hidratante\/\" \/>\n<meta property=\"og:site_name\" content=\"Todo en Belleza con Cuca Miquel\" \/>\n<meta property=\"article:publisher\" content=\"https:\/\/www.facebook.com\/www.todoenbelleza.es\/\" \/>\n<meta property=\"article:modified_time\" content=\"2024-05-20T12:17:54+00:00\" \/>\n<meta property=\"og:image\" content=\"https:\/\/www.todoenbelleza.es\/wp-content\/uploads\/2024\/05\/Rosea-Hydrataci.jpg\" \/>\n\t<meta property=\"og:image:width\" content=\"1890\" \/>\n\t<meta property=\"og:image:height\" content=\"1600\" \/>\n\t<meta property=\"og:image:type\" content=\"image\/jpeg\" \/>\n<meta name=\"twitter:card\" content=\"summary_large_image\" \/>\n<meta name=\"twitter:site\" content=\"@todoenbelleza1\" \/>\n<meta name=\"twitter:label1\" content=\"Estimated reading time\" \/>\n\t<meta name=\"twitter:data1\" content=\"1 minute\" \/>\n<!-- \/ Yoast SEO plugin. -->","yoast_head_json":{"title":"Rosea Hydrataci - Crema facial hidratante - Todo en Belleza con Cuca Miquel","description":"Crema facial de textura geloide que aportar\u00e1 a la piel un extra de hidrataci\u00f3n y frescor inmediato.","robots":{"index":"index","follow":"follow","max-snippet":"max-snippet:-1","max-image-preview":"max-image-preview:large","max-video-preview":"max-video-preview:-1"},"canonical":"https:\/\/www.todoenbelleza.es\/en\/product\/rosea-hydrataci-crema-facial-hidratante\/","og_locale":"en_GB","og_type":"article","og_title":"Rosea Hydrataci - Crema facial hidratante - Todo en Belleza con Cuca Miquel","og_description":"Crema facial de textura geloide que aportar\u00e1 a la piel un extra de hidrataci\u00f3n y frescor inmediato.","og_url":"https:\/\/www.todoenbelleza.es\/en\/product\/rosea-hydrataci-crema-facial-hidratante\/","og_site_name":"Todo en Belleza con Cuca Miquel","article_publisher":"https:\/\/www.facebook.com\/www.todoenbelleza.es\/","article_modified_time":"2024-05-20T12:17:54+00:00","og_image":[{"width":1890,"height":1600,"url":"https:\/\/www.todoenbelleza.es\/wp-content\/uploads\/2024\/05\/Rosea-Hydrataci.jpg","type":"image\/jpeg"}],"twitter_card":"summary_large_image","twitter_site":"@todoenbelleza1","twitter_misc":{"Estimated reading time":"1 minute"},"schema":{"@context":"https:\/\/schema.org","@graph":[{"@type":"WebPage","@id":"https:\/\/www.todoenbelleza.es\/producto\/rosea-hydrataci-crema-facial-hidratante\/","url":"https:\/\/www.todoenbelleza.es\/producto\/rosea-hydrataci-crema-facial-hidratante\/","name":"Rosea Hydrataci - Crema facial hidratante - Todo en Belleza con Cuca Miquel","isPartOf":{"@id":"https:\/\/www.todoenbelleza.es\/#website"},"datePublished":"2024-05-09T13:20:28+00:00","dateModified":"2024-05-20T12:17:54+00:00","description":"Crema facial de textura geloide que aportar\u00e1 a la piel un extra de hidrataci\u00f3n y frescor inmediato.","breadcrumb":{"@id":"https:\/\/www.todoenbelleza.es\/producto\/rosea-hydrataci-crema-facial-hidratante\/#breadcrumb"},"inLanguage":"en-GB","potentialAction":[{"@type":"ReadAction","target":["https:\/\/www.todoenbelleza.es\/producto\/rosea-hydrataci-crema-facial-hidratante\/"]}]},{"@type":"BreadcrumbList","@id":"https:\/\/www.todoenbelleza.es\/producto\/rosea-hydrataci-crema-facial-hidratante\/#breadcrumb","itemListElement":[{"@type":"ListItem","position":1,"name":"Portada","item":"https:\/\/www.todoenbelleza.es\/"},{"@type":"ListItem","position":2,"name":"Productos","item":"https:\/\/www.todoenbelleza.es\/shop\/"},{"@type":"ListItem","position":3,"name":"Rosea Hydrataci &#8211; Crema facial hidratante"}]},{"@type":"WebSite","@id":"https:\/\/www.todoenbelleza.es\/#website","url":"https:\/\/www.todoenbelleza.es\/","name":"Todo en Belleza con Cuca Miquel","description":"Centro de belleza y medicina est\u00e9tica en Madrid","publisher":{"@id":"https:\/\/www.todoenbelleza.es\/#organization"},"potentialAction":[{"@type":"SearchAction","target":{"@type":"EntryPoint","urlTemplate":"https:\/\/www.todoenbelleza.es\/?s={search_term_string}"},"query-input":"required name=search_term_string"}],"inLanguage":"en-GB"},{"@type":"Organization","@id":"https:\/\/www.todoenbelleza.es\/#organization","name":"Todo en Belleza con Cuca Miquel","url":"https:\/\/www.todoenbelleza.es\/","logo":{"@type":"ImageObject","inLanguage":"en-GB","@id":"https:\/\/www.todoenbelleza.es\/#\/schema\/logo\/image\/","url":"https:\/\/www.todoenbelleza.es\/wp-content\/uploads\/2023\/02\/logocabecera.png","contentUrl":"https:\/\/www.todoenbelleza.es\/wp-content\/uploads\/2023\/02\/logocabecera.png","width":311,"height":60,"caption":"Todo en Belleza con Cuca Miquel"},"image":{"@id":"https:\/\/www.todoenbelleza.es\/#\/schema\/logo\/image\/"},"sameAs":["https:\/\/www.facebook.com\/www.todoenbelleza.es\/","https:\/\/twitter.com\/todoenbelleza1","https:\/\/www.instagram.com\/todo.en.belleza_cucamiquel\/"]}]}},"_links":{"self":[{"href":"https:\/\/www.todoenbelleza.es\/en\/wp-json\/wp\/v2\/product\/20646"}],"collection":[{"href":"https:\/\/www.todoenbelleza.es\/en\/wp-json\/wp\/v2\/product"}],"about":[{"href":"https:\/\/www.todoenbelleza.es\/en\/wp-json\/wp\/v2\/types\/product"}],"replies":[{"embeddable":true,"href":"https:\/\/www.todoenbelleza.es\/en\/wp-json\/wp\/v2\/comments?post=20646"}],"wp:featuredmedia":[{"embeddable":true,"href":"https:\/\/www.todoenbelleza.es\/en\/wp-json\/wp\/v2\/media\/20647"}],"wp:attachment":[{"href":"https:\/\/www.todoenbelleza.es\/en\/wp-json\/wp\/v2\/media?parent=20646"}],"wp:term":[{"taxonomy":"product_cat","embeddable":true,"href":"https:\/\/www.todoenbelleza.es\/en\/wp-json\/wp\/v2\/product_cat?post=20646"},{"taxonomy":"product_tag","embeddable":true,"href":"https:\/\/www.todoenbelleza.es\/en\/wp-json\/wp\/v2\/product_tag?post=20646"}],"curies":[{"name":"wp","href":"https:\/\/api.w.org\/{rel}","templated":true}]}}