{"id":20539,"date":"2024-02-02T14:07:51","date_gmt":"2024-02-02T14:07:51","guid":{"rendered":"https:\/\/www.todoenbelleza.es\/?post_type=product&#038;p=20539"},"modified":"2024-02-02T14:38:20","modified_gmt":"2024-02-02T14:38:20","slug":"bb-cream-con-celulas-madre-vegetales-de-arroz","status":"publish","type":"product","link":"https:\/\/www.todoenbelleza.es\/en\/product\/bb-cream-con-celulas-madre-vegetales-de-arroz\/","title":{"rendered":"BB Cream"},"content":{"rendered":"<p><strong>BB Cream con c\u00e9lulas madre vegetales de arroz<\/strong><\/p>\n<p><strong>Caracter\u00edsticas:<\/strong><br \/>\nCrema hidratante con color y factor de protecci\u00f3n solar formulada a base de aceite de c\u00e9lulas madre de arroz. Aporta luminosidad y ayuda a corregir imperfecciones. Alta cobertura (tono claro y tono medio). Se adapta al tono natural de tu piel aportando un efecto de buena cara al instante. Sus principios activos favorecen la eliminaci\u00f3n de las manchas solares de la piel. Consigue una piel tersa y el\u00e1stica gracias a su alto contenido en polygonum cuspidatum, rico en resveratrol, que adem\u00e1s neutraliza los radicales libres.<\/p>\n<p>Contiene centella asi\u00e1tica, que ayuda a prevenir los primeros signos de envejecimiento, a reparar la piel da\u00f1ada y a hidratarla. No transfiere. SPF 25.<\/p>\n<p><strong>Modo de empleo:<\/strong><br \/>\nAplicar una peque\u00f1a cantidad en la yema de los dedos y despu\u00e9s sobre el rostro, extendiendo bien. Se pone despu\u00e9s de la crema de d\u00eda.<\/p>\n<p><strong>Variedad:<\/strong><br \/>\n&#8211; Tono medio<br \/>\n&#8211; Tono claro<\/p>","protected":false},"excerpt":{"rendered":"<p>BB Cream con c\u00e9lulas madre vegetales de arroz Caracter\u00edsticas: Crema hidratante con color y factor de protecci\u00f3n solar formulada a base de aceite de c\u00e9lulas madre de arroz. Aporta luminosidad y ayuda a corregir imperfecciones. Alta cobertura (tono claro y tono medio). Se adapta al tono natural de tu piel aportando un efecto de buena [&hellip;]<\/p>","protected":false},"featured_media":20540,"comment_status":"closed","ping_status":"closed","template":"","meta":{"_et_pb_use_builder":"","_et_pb_old_content":"","_et_gb_content_width":"","_joinchat":[]},"product_cat":[744],"product_tag":[],"yoast_head":"<!-- This site is optimized with the Yoast SEO plugin v20.10 - https:\/\/yoast.com\/wordpress\/plugins\/seo\/ -->\n<title>BB Cream - Todo en Belleza con Cuca Miquel<\/title>\n<meta name=\"description\" content=\"Crema hidratante con color y factor de protecci\u00f3n solar formulada a base de aceite dec\u00e9lulas madre de arroz.\" \/>\n<meta name=\"robots\" content=\"index, follow, max-snippet:-1, max-image-preview:large, max-video-preview:-1\" \/>\n<link rel=\"canonical\" href=\"https:\/\/www.todoenbelleza.es\/en\/product\/bb-cream-con-celulas-madre-vegetales-de-arroz\/\" \/>\n<meta property=\"og:locale\" content=\"en_GB\" \/>\n<meta property=\"og:type\" content=\"article\" \/>\n<meta property=\"og:title\" content=\"BB Cream - Todo en Belleza con Cuca Miquel\" \/>\n<meta property=\"og:description\" content=\"Crema hidratante con color y factor de protecci\u00f3n solar formulada a base de aceite dec\u00e9lulas madre de arroz.\" \/>\n<meta property=\"og:url\" content=\"https:\/\/www.todoenbelleza.es\/en\/product\/bb-cream-con-celulas-madre-vegetales-de-arroz\/\" \/>\n<meta property=\"og:site_name\" content=\"Todo en Belleza con Cuca Miquel\" \/>\n<meta property=\"article:publisher\" content=\"https:\/\/www.facebook.com\/www.todoenbelleza.es\/\" \/>\n<meta property=\"article:modified_time\" content=\"2024-02-02T14:38:20+00:00\" \/>\n<meta property=\"og:image\" content=\"https:\/\/www.todoenbelleza.es\/wp-content\/uploads\/2024\/02\/bb-cream.jpg\" \/>\n\t<meta property=\"og:image:width\" content=\"677\" \/>\n\t<meta property=\"og:image:height\" content=\"576\" \/>\n\t<meta property=\"og:image:type\" content=\"image\/jpeg\" \/>\n<meta name=\"twitter:card\" content=\"summary_large_image\" \/>\n<meta name=\"twitter:site\" content=\"@todoenbelleza1\" \/>\n<meta name=\"twitter:label1\" content=\"Estimated reading time\" \/>\n\t<meta name=\"twitter:data1\" content=\"1 minute\" \/>\n<!-- \/ Yoast SEO plugin. -->","yoast_head_json":{"title":"BB Cream - Todo en Belleza con Cuca Miquel","description":"Crema hidratante con color y factor de protecci\u00f3n solar formulada a base de aceite dec\u00e9lulas madre de arroz.","robots":{"index":"index","follow":"follow","max-snippet":"max-snippet:-1","max-image-preview":"max-image-preview:large","max-video-preview":"max-video-preview:-1"},"canonical":"https:\/\/www.todoenbelleza.es\/en\/product\/bb-cream-con-celulas-madre-vegetales-de-arroz\/","og_locale":"en_GB","og_type":"article","og_title":"BB Cream - Todo en Belleza con Cuca Miquel","og_description":"Crema hidratante con color y factor de protecci\u00f3n solar formulada a base de aceite dec\u00e9lulas madre de arroz.","og_url":"https:\/\/www.todoenbelleza.es\/en\/product\/bb-cream-con-celulas-madre-vegetales-de-arroz\/","og_site_name":"Todo en Belleza con Cuca Miquel","article_publisher":"https:\/\/www.facebook.com\/www.todoenbelleza.es\/","article_modified_time":"2024-02-02T14:38:20+00:00","og_image":[{"width":677,"height":576,"url":"https:\/\/www.todoenbelleza.es\/wp-content\/uploads\/2024\/02\/bb-cream.jpg","type":"image\/jpeg"}],"twitter_card":"summary_large_image","twitter_site":"@todoenbelleza1","twitter_misc":{"Estimated reading time":"1 minute"},"schema":{"@context":"https:\/\/schema.org","@graph":[{"@type":"WebPage","@id":"https:\/\/www.todoenbelleza.es\/producto\/bb-cream-con-celulas-madre-vegetales-de-arroz\/","url":"https:\/\/www.todoenbelleza.es\/producto\/bb-cream-con-celulas-madre-vegetales-de-arroz\/","name":"BB Cream - Todo en Belleza con Cuca Miquel","isPartOf":{"@id":"https:\/\/www.todoenbelleza.es\/#website"},"datePublished":"2024-02-02T14:07:51+00:00","dateModified":"2024-02-02T14:38:20+00:00","description":"Crema hidratante con color y factor de protecci\u00f3n solar formulada a base de aceite dec\u00e9lulas madre de arroz.","breadcrumb":{"@id":"https:\/\/www.todoenbelleza.es\/producto\/bb-cream-con-celulas-madre-vegetales-de-arroz\/#breadcrumb"},"inLanguage":"en-GB","potentialAction":[{"@type":"ReadAction","target":["https:\/\/www.todoenbelleza.es\/producto\/bb-cream-con-celulas-madre-vegetales-de-arroz\/"]}]},{"@type":"BreadcrumbList","@id":"https:\/\/www.todoenbelleza.es\/producto\/bb-cream-con-celulas-madre-vegetales-de-arroz\/#breadcrumb","itemListElement":[{"@type":"ListItem","position":1,"name":"Portada","item":"https:\/\/www.todoenbelleza.es\/"},{"@type":"ListItem","position":2,"name":"Productos","item":"https:\/\/www.todoenbelleza.es\/shop\/"},{"@type":"ListItem","position":3,"name":"BB Cream"}]},{"@type":"WebSite","@id":"https:\/\/www.todoenbelleza.es\/#website","url":"https:\/\/www.todoenbelleza.es\/","name":"Todo en Belleza con Cuca Miquel","description":"Centro de belleza y medicina est\u00e9tica en Madrid","publisher":{"@id":"https:\/\/www.todoenbelleza.es\/#organization"},"potentialAction":[{"@type":"SearchAction","target":{"@type":"EntryPoint","urlTemplate":"https:\/\/www.todoenbelleza.es\/?s={search_term_string}"},"query-input":"required name=search_term_string"}],"inLanguage":"en-GB"},{"@type":"Organization","@id":"https:\/\/www.todoenbelleza.es\/#organization","name":"Todo en Belleza con Cuca Miquel","url":"https:\/\/www.todoenbelleza.es\/","logo":{"@type":"ImageObject","inLanguage":"en-GB","@id":"https:\/\/www.todoenbelleza.es\/#\/schema\/logo\/image\/","url":"https:\/\/www.todoenbelleza.es\/wp-content\/uploads\/2023\/02\/logocabecera.png","contentUrl":"https:\/\/www.todoenbelleza.es\/wp-content\/uploads\/2023\/02\/logocabecera.png","width":311,"height":60,"caption":"Todo en Belleza con Cuca Miquel"},"image":{"@id":"https:\/\/www.todoenbelleza.es\/#\/schema\/logo\/image\/"},"sameAs":["https:\/\/www.facebook.com\/www.todoenbelleza.es\/","https:\/\/twitter.com\/todoenbelleza1","https:\/\/www.instagram.com\/todo.en.belleza_cucamiquel\/"]}]}},"_links":{"self":[{"href":"https:\/\/www.todoenbelleza.es\/en\/wp-json\/wp\/v2\/product\/20539"}],"collection":[{"href":"https:\/\/www.todoenbelleza.es\/en\/wp-json\/wp\/v2\/product"}],"about":[{"href":"https:\/\/www.todoenbelleza.es\/en\/wp-json\/wp\/v2\/types\/product"}],"replies":[{"embeddable":true,"href":"https:\/\/www.todoenbelleza.es\/en\/wp-json\/wp\/v2\/comments?post=20539"}],"wp:featuredmedia":[{"embeddable":true,"href":"https:\/\/www.todoenbelleza.es\/en\/wp-json\/wp\/v2\/media\/20540"}],"wp:attachment":[{"href":"https:\/\/www.todoenbelleza.es\/en\/wp-json\/wp\/v2\/media?parent=20539"}],"wp:term":[{"taxonomy":"product_cat","embeddable":true,"href":"https:\/\/www.todoenbelleza.es\/en\/wp-json\/wp\/v2\/product_cat?post=20539"},{"taxonomy":"product_tag","embeddable":true,"href":"https:\/\/www.todoenbelleza.es\/en\/wp-json\/wp\/v2\/product_tag?post=20539"}],"curies":[{"name":"wp","href":"https:\/\/api.w.org\/{rel}","templated":true}]}}