{"id":20537,"date":"2024-02-02T14:01:33","date_gmt":"2024-02-02T14:01:33","guid":{"rendered":"https:\/\/www.todoenbelleza.es\/?post_type=product&#038;p=20537"},"modified":"2024-02-02T14:38:31","modified_gmt":"2024-02-02T14:38:31","slug":"exfoliata-cutis-tonic","status":"publish","type":"product","link":"https:\/\/www.todoenbelleza.es\/en\/product\/exfoliata-cutis-tonic\/","title":{"rendered":"Exfoliata Cutis Tonic"},"content":{"rendered":"<p><strong>T\u00f3nico exfoliante antioxidante.<\/strong><\/p>\n<p><strong>Beneficios:<\/strong><br \/>\nAyuda a retirar todas las c\u00e9lulas muertas con actividad antioxidante para contrarrestar la<br \/>\nacci\u00f3n oxidativa diaria de los agentes externos. Con actividad regeneradora del pH de la<br \/>\npiel, aporta ox\u00edgeno a las c\u00e9lulas para favorecer las defensas de la piel y hacer que la piel<br \/>\nluzca con m\u00e1s esplendor y luminosidad.<\/p>\n<p><strong>Modo de empleo:<\/strong><br \/>\nAplicar sobre la piel limpia y desmaquillada, haciendo un ligero arrastre con un disco de<br \/>\nalgod\u00f3n, siendo m\u00e1s cuidadoso con la zona de los ojos.<\/p>\n<p><strong>Componentes principales:<\/strong><br \/>\n\u00c1cido salic\u00edlico, \u00e1cido glic\u00f3lico l\u00e1ctico y t\u00e9 verde.<\/p>","protected":false},"excerpt":{"rendered":"<p>T\u00f3nico exfoliante antioxidante. Beneficios: Ayuda a retirar todas las c\u00e9lulas muertas con actividad antioxidante para contrarrestar la acci\u00f3n oxidativa diaria de los agentes externos. Con actividad regeneradora del pH de la piel, aporta ox\u00edgeno a las c\u00e9lulas para favorecer las defensas de la piel y hacer que la piel luzca con m\u00e1s esplendor y luminosidad. [&hellip;]<\/p>","protected":false},"featured_media":20538,"comment_status":"closed","ping_status":"closed","template":"","meta":{"_et_pb_use_builder":"","_et_pb_old_content":"","_et_gb_content_width":"","_joinchat":[]},"product_cat":[748],"product_tag":[],"yoast_head":"<!-- This site is optimized with the Yoast SEO plugin v20.10 - https:\/\/yoast.com\/wordpress\/plugins\/seo\/ -->\n<title>Exfoliata Cutis Tonic - Todo en Belleza con Cuca Miquel<\/title>\n<meta name=\"description\" content=\"Ayuda a retirar todas las c\u00e9lulas muertas con actividad antioxidante para contrarrestar laacci\u00f3n oxidativa diaria de los agentes externos. Con actividad regeneradora del pH de lapiel, aporta ox\u00edgeno a las c\u00e9lulas para favorecer las defensas de la piel y hacer que la pielluzca con m\u00e1s esplendor y luminosidad.\" \/>\n<meta name=\"robots\" content=\"index, follow, max-snippet:-1, max-image-preview:large, max-video-preview:-1\" \/>\n<link rel=\"canonical\" href=\"https:\/\/www.todoenbelleza.es\/en\/product\/exfoliata-cutis-tonic\/\" \/>\n<meta property=\"og:locale\" content=\"en_GB\" \/>\n<meta property=\"og:type\" content=\"article\" \/>\n<meta property=\"og:title\" content=\"Exfoliata Cutis Tonic - Todo en Belleza con Cuca Miquel\" \/>\n<meta property=\"og:description\" content=\"Ayuda a retirar todas las c\u00e9lulas muertas con actividad antioxidante para contrarrestar laacci\u00f3n oxidativa diaria de los agentes externos. Con actividad regeneradora del pH de lapiel, aporta ox\u00edgeno a las c\u00e9lulas para favorecer las defensas de la piel y hacer que la pielluzca con m\u00e1s esplendor y luminosidad.\" \/>\n<meta property=\"og:url\" content=\"https:\/\/www.todoenbelleza.es\/en\/product\/exfoliata-cutis-tonic\/\" \/>\n<meta property=\"og:site_name\" content=\"Todo en Belleza con Cuca Miquel\" \/>\n<meta property=\"article:publisher\" content=\"https:\/\/www.facebook.com\/www.todoenbelleza.es\/\" \/>\n<meta property=\"article:modified_time\" content=\"2024-02-02T14:38:31+00:00\" \/>\n<meta property=\"og:image\" content=\"https:\/\/www.todoenbelleza.es\/wp-content\/uploads\/2024\/02\/1699634625171.jpg\" \/>\n\t<meta property=\"og:image:width\" content=\"1092\" \/>\n\t<meta property=\"og:image:height\" content=\"1600\" \/>\n\t<meta property=\"og:image:type\" content=\"image\/jpeg\" \/>\n<meta name=\"twitter:card\" content=\"summary_large_image\" \/>\n<meta name=\"twitter:site\" content=\"@todoenbelleza1\" \/>\n<meta name=\"twitter:label1\" content=\"Estimated reading time\" \/>\n\t<meta name=\"twitter:data1\" content=\"1 minute\" \/>\n<!-- \/ Yoast SEO plugin. -->","yoast_head_json":{"title":"Exfoliata Cutis Tonic - Todo en Belleza con Cuca Miquel","description":"Ayuda a retirar todas las c\u00e9lulas muertas con actividad antioxidante para contrarrestar laacci\u00f3n oxidativa diaria de los agentes externos. Con actividad regeneradora del pH de lapiel, aporta ox\u00edgeno a las c\u00e9lulas para favorecer las defensas de la piel y hacer que la pielluzca con m\u00e1s esplendor y luminosidad.","robots":{"index":"index","follow":"follow","max-snippet":"max-snippet:-1","max-image-preview":"max-image-preview:large","max-video-preview":"max-video-preview:-1"},"canonical":"https:\/\/www.todoenbelleza.es\/en\/product\/exfoliata-cutis-tonic\/","og_locale":"en_GB","og_type":"article","og_title":"Exfoliata Cutis Tonic - Todo en Belleza con Cuca Miquel","og_description":"Ayuda a retirar todas las c\u00e9lulas muertas con actividad antioxidante para contrarrestar laacci\u00f3n oxidativa diaria de los agentes externos. Con actividad regeneradora del pH de lapiel, aporta ox\u00edgeno a las c\u00e9lulas para favorecer las defensas de la piel y hacer que la pielluzca con m\u00e1s esplendor y luminosidad.","og_url":"https:\/\/www.todoenbelleza.es\/en\/product\/exfoliata-cutis-tonic\/","og_site_name":"Todo en Belleza con Cuca Miquel","article_publisher":"https:\/\/www.facebook.com\/www.todoenbelleza.es\/","article_modified_time":"2024-02-02T14:38:31+00:00","og_image":[{"width":1092,"height":1600,"url":"https:\/\/www.todoenbelleza.es\/wp-content\/uploads\/2024\/02\/1699634625171.jpg","type":"image\/jpeg"}],"twitter_card":"summary_large_image","twitter_site":"@todoenbelleza1","twitter_misc":{"Estimated reading time":"1 minute"},"schema":{"@context":"https:\/\/schema.org","@graph":[{"@type":"WebPage","@id":"https:\/\/www.todoenbelleza.es\/producto\/exfoliata-cutis-tonic\/","url":"https:\/\/www.todoenbelleza.es\/producto\/exfoliata-cutis-tonic\/","name":"Exfoliata Cutis Tonic - Todo en Belleza con Cuca Miquel","isPartOf":{"@id":"https:\/\/www.todoenbelleza.es\/#website"},"datePublished":"2024-02-02T14:01:33+00:00","dateModified":"2024-02-02T14:38:31+00:00","description":"Ayuda a retirar todas las c\u00e9lulas muertas con actividad antioxidante para contrarrestar laacci\u00f3n oxidativa diaria de los agentes externos. Con actividad regeneradora del pH de lapiel, aporta ox\u00edgeno a las c\u00e9lulas para favorecer las defensas de la piel y hacer que la pielluzca con m\u00e1s esplendor y luminosidad.","breadcrumb":{"@id":"https:\/\/www.todoenbelleza.es\/producto\/exfoliata-cutis-tonic\/#breadcrumb"},"inLanguage":"en-GB","potentialAction":[{"@type":"ReadAction","target":["https:\/\/www.todoenbelleza.es\/producto\/exfoliata-cutis-tonic\/"]}]},{"@type":"BreadcrumbList","@id":"https:\/\/www.todoenbelleza.es\/producto\/exfoliata-cutis-tonic\/#breadcrumb","itemListElement":[{"@type":"ListItem","position":1,"name":"Portada","item":"https:\/\/www.todoenbelleza.es\/"},{"@type":"ListItem","position":2,"name":"Productos","item":"https:\/\/www.todoenbelleza.es\/shop\/"},{"@type":"ListItem","position":3,"name":"Exfoliata Cutis Tonic"}]},{"@type":"WebSite","@id":"https:\/\/www.todoenbelleza.es\/#website","url":"https:\/\/www.todoenbelleza.es\/","name":"Todo en Belleza con Cuca Miquel","description":"Centro de belleza y medicina est\u00e9tica en Madrid","publisher":{"@id":"https:\/\/www.todoenbelleza.es\/#organization"},"potentialAction":[{"@type":"SearchAction","target":{"@type":"EntryPoint","urlTemplate":"https:\/\/www.todoenbelleza.es\/?s={search_term_string}"},"query-input":"required name=search_term_string"}],"inLanguage":"en-GB"},{"@type":"Organization","@id":"https:\/\/www.todoenbelleza.es\/#organization","name":"Todo en Belleza con Cuca Miquel","url":"https:\/\/www.todoenbelleza.es\/","logo":{"@type":"ImageObject","inLanguage":"en-GB","@id":"https:\/\/www.todoenbelleza.es\/#\/schema\/logo\/image\/","url":"https:\/\/www.todoenbelleza.es\/wp-content\/uploads\/2023\/02\/logocabecera.png","contentUrl":"https:\/\/www.todoenbelleza.es\/wp-content\/uploads\/2023\/02\/logocabecera.png","width":311,"height":60,"caption":"Todo en Belleza con Cuca Miquel"},"image":{"@id":"https:\/\/www.todoenbelleza.es\/#\/schema\/logo\/image\/"},"sameAs":["https:\/\/www.facebook.com\/www.todoenbelleza.es\/","https:\/\/twitter.com\/todoenbelleza1","https:\/\/www.instagram.com\/todo.en.belleza_cucamiquel\/"]}]}},"_links":{"self":[{"href":"https:\/\/www.todoenbelleza.es\/en\/wp-json\/wp\/v2\/product\/20537"}],"collection":[{"href":"https:\/\/www.todoenbelleza.es\/en\/wp-json\/wp\/v2\/product"}],"about":[{"href":"https:\/\/www.todoenbelleza.es\/en\/wp-json\/wp\/v2\/types\/product"}],"replies":[{"embeddable":true,"href":"https:\/\/www.todoenbelleza.es\/en\/wp-json\/wp\/v2\/comments?post=20537"}],"wp:featuredmedia":[{"embeddable":true,"href":"https:\/\/www.todoenbelleza.es\/en\/wp-json\/wp\/v2\/media\/20538"}],"wp:attachment":[{"href":"https:\/\/www.todoenbelleza.es\/en\/wp-json\/wp\/v2\/media?parent=20537"}],"wp:term":[{"taxonomy":"product_cat","embeddable":true,"href":"https:\/\/www.todoenbelleza.es\/en\/wp-json\/wp\/v2\/product_cat?post=20537"},{"taxonomy":"product_tag","embeddable":true,"href":"https:\/\/www.todoenbelleza.es\/en\/wp-json\/wp\/v2\/product_tag?post=20537"}],"curies":[{"name":"wp","href":"https:\/\/api.w.org\/{rel}","templated":true}]}}