{"id":20535,"date":"2024-02-02T13:57:42","date_gmt":"2024-02-02T13:57:42","guid":{"rendered":"https:\/\/www.todoenbelleza.es\/?post_type=product&#038;p=20535"},"modified":"2024-05-09T13:07:40","modified_gmt":"2024-05-09T13:07:40","slug":"iuvenis-oculos","status":"publish","type":"product","link":"https:\/\/www.todoenbelleza.es\/en\/product\/iuvenis-oculos\/","title":{"rendered":"Iuvenis Oculos"},"content":{"rendered":"<p><strong>Contorno de ojos para eliminar arrugas de forma visible y eliminar bolsas y ojeras.<\/strong><\/p>\n<p><strong>Beneficios:<\/strong><br \/>\nTiene efecto tensor, rellena la arruga, elimina las bolsas y elimina las ojeras.<br \/>\n<strong>Modo de empleo:<\/strong><br \/>\nAplicar la cantidad necesaria y masajear hasta su total absorci\u00f3n sobre el contorno de los ojos.<br \/>\n<strong>Componentes principales:<\/strong><br \/>\n\u00c1cido salic\u00edlico, p\u00e9ptidos (5), glucosamina, \u00e1cido hialur\u00f3nico.<\/p>","protected":false},"excerpt":{"rendered":"<p>Contorno de ojos para eliminar arrugas de forma visible y eliminar bolsas y ojeras. Beneficios: Tiene efecto tensor, rellena la arruga, elimina las bolsas y elimina las ojeras. Modo de empleo: Aplicar la cantidad necesaria y masajear hasta su total absorci\u00f3n sobre el contorno de los ojos. Componentes principales: \u00c1cido salic\u00edlico, p\u00e9ptidos (5), glucosamina, \u00e1cido [&hellip;]<\/p>","protected":false},"featured_media":20643,"comment_status":"closed","ping_status":"closed","template":"","meta":{"_et_pb_use_builder":"","_et_pb_old_content":"","_et_gb_content_width":"","_joinchat":[]},"product_cat":[747],"product_tag":[],"yoast_head":"<!-- This site is optimized with the Yoast SEO plugin v20.10 - https:\/\/yoast.com\/wordpress\/plugins\/seo\/ -->\n<title>Iuvenis Oculos - Todo en Belleza con Cuca Miquel<\/title>\n<meta name=\"description\" content=\"Contorno de ojos para eliminar arrugas de forma visible y eliminar bolsas y ojeras.\" \/>\n<meta name=\"robots\" content=\"index, follow, max-snippet:-1, max-image-preview:large, max-video-preview:-1\" \/>\n<link rel=\"canonical\" href=\"https:\/\/www.todoenbelleza.es\/en\/product\/iuvenis-oculos\/\" \/>\n<meta property=\"og:locale\" content=\"en_GB\" \/>\n<meta property=\"og:type\" content=\"article\" \/>\n<meta property=\"og:title\" content=\"Iuvenis Oculos - Todo en Belleza con Cuca Miquel\" \/>\n<meta property=\"og:description\" content=\"Contorno de ojos para eliminar arrugas de forma visible y eliminar bolsas y ojeras.\" \/>\n<meta property=\"og:url\" content=\"https:\/\/www.todoenbelleza.es\/en\/product\/iuvenis-oculos\/\" \/>\n<meta property=\"og:site_name\" content=\"Todo en Belleza con Cuca Miquel\" \/>\n<meta property=\"article:publisher\" content=\"https:\/\/www.facebook.com\/www.todoenbelleza.es\/\" \/>\n<meta property=\"article:modified_time\" content=\"2024-05-09T13:07:40+00:00\" \/>\n<meta property=\"og:image\" content=\"https:\/\/www.todoenbelleza.es\/wp-content\/uploads\/2024\/02\/Iuvenis-Oculos.jpg\" \/>\n\t<meta property=\"og:image:width\" content=\"1993\" \/>\n\t<meta property=\"og:image:height\" content=\"1600\" \/>\n\t<meta property=\"og:image:type\" content=\"image\/jpeg\" \/>\n<meta name=\"twitter:card\" content=\"summary_large_image\" \/>\n<meta name=\"twitter:site\" content=\"@todoenbelleza1\" \/>\n<meta name=\"twitter:label1\" content=\"Estimated reading time\" \/>\n\t<meta name=\"twitter:data1\" content=\"1 minute\" \/>\n<!-- \/ Yoast SEO plugin. -->","yoast_head_json":{"title":"Iuvenis Oculos - Todo en Belleza con Cuca Miquel","description":"Contorno de ojos para eliminar arrugas de forma visible y eliminar bolsas y ojeras.","robots":{"index":"index","follow":"follow","max-snippet":"max-snippet:-1","max-image-preview":"max-image-preview:large","max-video-preview":"max-video-preview:-1"},"canonical":"https:\/\/www.todoenbelleza.es\/en\/product\/iuvenis-oculos\/","og_locale":"en_GB","og_type":"article","og_title":"Iuvenis Oculos - Todo en Belleza con Cuca Miquel","og_description":"Contorno de ojos para eliminar arrugas de forma visible y eliminar bolsas y ojeras.","og_url":"https:\/\/www.todoenbelleza.es\/en\/product\/iuvenis-oculos\/","og_site_name":"Todo en Belleza con Cuca Miquel","article_publisher":"https:\/\/www.facebook.com\/www.todoenbelleza.es\/","article_modified_time":"2024-05-09T13:07:40+00:00","og_image":[{"width":1993,"height":1600,"url":"https:\/\/www.todoenbelleza.es\/wp-content\/uploads\/2024\/02\/Iuvenis-Oculos.jpg","type":"image\/jpeg"}],"twitter_card":"summary_large_image","twitter_site":"@todoenbelleza1","twitter_misc":{"Estimated reading time":"1 minute"},"schema":{"@context":"https:\/\/schema.org","@graph":[{"@type":"WebPage","@id":"https:\/\/www.todoenbelleza.es\/producto\/iuvenis-oculos\/","url":"https:\/\/www.todoenbelleza.es\/producto\/iuvenis-oculos\/","name":"Iuvenis Oculos - Todo en Belleza con Cuca Miquel","isPartOf":{"@id":"https:\/\/www.todoenbelleza.es\/#website"},"datePublished":"2024-02-02T13:57:42+00:00","dateModified":"2024-05-09T13:07:40+00:00","description":"Contorno de ojos para eliminar arrugas de forma visible y eliminar bolsas y ojeras.","breadcrumb":{"@id":"https:\/\/www.todoenbelleza.es\/producto\/iuvenis-oculos\/#breadcrumb"},"inLanguage":"en-GB","potentialAction":[{"@type":"ReadAction","target":["https:\/\/www.todoenbelleza.es\/producto\/iuvenis-oculos\/"]}]},{"@type":"BreadcrumbList","@id":"https:\/\/www.todoenbelleza.es\/producto\/iuvenis-oculos\/#breadcrumb","itemListElement":[{"@type":"ListItem","position":1,"name":"Portada","item":"https:\/\/www.todoenbelleza.es\/"},{"@type":"ListItem","position":2,"name":"Productos","item":"https:\/\/www.todoenbelleza.es\/shop\/"},{"@type":"ListItem","position":3,"name":"Iuvenis Oculos"}]},{"@type":"WebSite","@id":"https:\/\/www.todoenbelleza.es\/#website","url":"https:\/\/www.todoenbelleza.es\/","name":"Todo en Belleza con Cuca Miquel","description":"Centro de belleza y medicina est\u00e9tica en Madrid","publisher":{"@id":"https:\/\/www.todoenbelleza.es\/#organization"},"potentialAction":[{"@type":"SearchAction","target":{"@type":"EntryPoint","urlTemplate":"https:\/\/www.todoenbelleza.es\/?s={search_term_string}"},"query-input":"required name=search_term_string"}],"inLanguage":"en-GB"},{"@type":"Organization","@id":"https:\/\/www.todoenbelleza.es\/#organization","name":"Todo en Belleza con Cuca Miquel","url":"https:\/\/www.todoenbelleza.es\/","logo":{"@type":"ImageObject","inLanguage":"en-GB","@id":"https:\/\/www.todoenbelleza.es\/#\/schema\/logo\/image\/","url":"https:\/\/www.todoenbelleza.es\/wp-content\/uploads\/2023\/02\/logocabecera.png","contentUrl":"https:\/\/www.todoenbelleza.es\/wp-content\/uploads\/2023\/02\/logocabecera.png","width":311,"height":60,"caption":"Todo en Belleza con Cuca Miquel"},"image":{"@id":"https:\/\/www.todoenbelleza.es\/#\/schema\/logo\/image\/"},"sameAs":["https:\/\/www.facebook.com\/www.todoenbelleza.es\/","https:\/\/twitter.com\/todoenbelleza1","https:\/\/www.instagram.com\/todo.en.belleza_cucamiquel\/"]}]}},"_links":{"self":[{"href":"https:\/\/www.todoenbelleza.es\/en\/wp-json\/wp\/v2\/product\/20535"}],"collection":[{"href":"https:\/\/www.todoenbelleza.es\/en\/wp-json\/wp\/v2\/product"}],"about":[{"href":"https:\/\/www.todoenbelleza.es\/en\/wp-json\/wp\/v2\/types\/product"}],"replies":[{"embeddable":true,"href":"https:\/\/www.todoenbelleza.es\/en\/wp-json\/wp\/v2\/comments?post=20535"}],"wp:featuredmedia":[{"embeddable":true,"href":"https:\/\/www.todoenbelleza.es\/en\/wp-json\/wp\/v2\/media\/20643"}],"wp:attachment":[{"href":"https:\/\/www.todoenbelleza.es\/en\/wp-json\/wp\/v2\/media?parent=20535"}],"wp:term":[{"taxonomy":"product_cat","embeddable":true,"href":"https:\/\/www.todoenbelleza.es\/en\/wp-json\/wp\/v2\/product_cat?post=20535"},{"taxonomy":"product_tag","embeddable":true,"href":"https:\/\/www.todoenbelleza.es\/en\/wp-json\/wp\/v2\/product_tag?post=20535"}],"curies":[{"name":"wp","href":"https:\/\/api.w.org\/{rel}","templated":true}]}}