{"id":19860,"date":"2023-08-01T19:55:29","date_gmt":"2023-08-01T19:55:29","guid":{"rendered":"https:\/\/www.todoenbelleza.es\/?post_type=product&#038;p=19860"},"modified":"2023-08-10T06:52:12","modified_gmt":"2023-08-10T06:52:12","slug":"ginger-tonic","status":"publish","type":"product","link":"https:\/\/www.todoenbelleza.es\/en\/product\/ginger-tonic\/","title":{"rendered":"Ginger Tonic"},"content":{"rendered":"<p><strong>T\u00f3nico a base de jengibre. \/ Ginger baser toner.<\/strong><\/p>\n<p><strong>Beneficios:<\/strong> Bueno para el cuidado delicado de la piel. Limpia, refresca y cuida suavemente la piel. Es tambi\u00e9n antis\u00e9ptico, antiinflamatorio e hidratante. Los aceites esenciales naturales, refuerzan la acci\u00f3n antis\u00e9ptica y proporcionan un olor caracter\u00edstico. La loci\u00f3n protege la piel de la p\u00e9rdida de elasticidad y de firmeza. Tonifica suavemente y restaura el pH natural de la piel, lo que le permite recuperar recuperar un aspecto saludable y juvenil.<br \/>\n<strong>Benefits:<\/strong> Good for delicate skin care. Cleans, refreshes and gently cares for the skin. It is also antiseptic, anti-inflammatory and moisturizing. The natural essential oils reinforce the antiseptic action and provide a characteristic smell. The lotion protects the skin from loss of elasticity and firmness. Gently tones and restores the skin&#8217;s natural pH, allowing it to regain a healthy, youthful appearance.<\/p>\n<p><strong>Modo de empleo:<\/strong> Rociar sobre la piel o trabajarlo seg\u00fan indicaciones personalizadas.<br \/>\n<strong>How to use:<\/strong> Spray on the skin or work it according to personalized instructions.<\/p>\n<p><strong>Componentes principales:<\/strong> Hidrolato de Lavanda, Jengibre, T\u00e9 verde y Camomila.<br \/>\n<strong>Main components:<\/strong> Lavender Hydrolate, Ginger, Green Tea and Chamomile.<\/p>","protected":false},"excerpt":{"rendered":"<p>T\u00f3nico a base de jengibre. \/ Ginger baser toner. Beneficios: Bueno para el cuidado delicado de la piel. Limpia, refresca y cuida suavemente la piel. Es tambi\u00e9n antis\u00e9ptico, antiinflamatorio e hidratante. Los aceites esenciales naturales, refuerzan la acci\u00f3n antis\u00e9ptica y proporcionan un olor caracter\u00edstico. La loci\u00f3n protege la piel de la p\u00e9rdida de elasticidad y [&hellip;]<\/p>","protected":false},"featured_media":19861,"comment_status":"closed","ping_status":"closed","template":"","meta":{"_et_pb_use_builder":"","_et_pb_old_content":"","_et_gb_content_width":"","_joinchat":[]},"product_cat":[754,748],"product_tag":[],"yoast_head":"<!-- This site is optimized with the Yoast SEO plugin v20.10 - https:\/\/yoast.com\/wordpress\/plugins\/seo\/ -->\n<title>Ginger Tonic - Todo en Belleza con Cuca Miquel<\/title>\n<meta name=\"robots\" content=\"index, follow, max-snippet:-1, max-image-preview:large, max-video-preview:-1\" \/>\n<link rel=\"canonical\" href=\"https:\/\/www.todoenbelleza.es\/en\/product\/ginger-tonic\/\" \/>\n<meta property=\"og:locale\" content=\"en_GB\" \/>\n<meta property=\"og:type\" content=\"article\" \/>\n<meta property=\"og:title\" content=\"Ginger Tonic - Todo en Belleza con Cuca Miquel\" \/>\n<meta property=\"og:description\" content=\"T\u00f3nico a base de jengibre. \/ Ginger baser toner. Beneficios: Bueno para el cuidado delicado de la piel. Limpia, refresca y cuida suavemente la piel. Es tambi\u00e9n antis\u00e9ptico, antiinflamatorio e hidratante. Los aceites esenciales naturales, refuerzan la acci\u00f3n antis\u00e9ptica y proporcionan un olor caracter\u00edstico. La loci\u00f3n protege la piel de la p\u00e9rdida de elasticidad y [&hellip;]\" \/>\n<meta property=\"og:url\" content=\"https:\/\/www.todoenbelleza.es\/en\/product\/ginger-tonic\/\" \/>\n<meta property=\"og:site_name\" content=\"Todo en Belleza con Cuca Miquel\" \/>\n<meta property=\"article:publisher\" content=\"https:\/\/www.facebook.com\/www.todoenbelleza.es\/\" \/>\n<meta property=\"article:modified_time\" content=\"2023-08-10T06:52:12+00:00\" \/>\n<meta property=\"og:image\" content=\"https:\/\/www.todoenbelleza.es\/wp-content\/uploads\/2023\/08\/Ginger-Tonic.png\" \/>\n\t<meta property=\"og:image:width\" content=\"720\" \/>\n\t<meta property=\"og:image:height\" content=\"1080\" \/>\n\t<meta property=\"og:image:type\" content=\"image\/png\" \/>\n<meta name=\"twitter:card\" content=\"summary_large_image\" \/>\n<meta name=\"twitter:site\" content=\"@todoenbelleza1\" \/>\n<meta name=\"twitter:label1\" content=\"Estimated reading time\" \/>\n\t<meta name=\"twitter:data1\" content=\"1 minute\" \/>\n<!-- \/ Yoast SEO plugin. -->","yoast_head_json":{"title":"Ginger Tonic - Todo en Belleza con Cuca Miquel","robots":{"index":"index","follow":"follow","max-snippet":"max-snippet:-1","max-image-preview":"max-image-preview:large","max-video-preview":"max-video-preview:-1"},"canonical":"https:\/\/www.todoenbelleza.es\/en\/product\/ginger-tonic\/","og_locale":"en_GB","og_type":"article","og_title":"Ginger Tonic - Todo en Belleza con Cuca Miquel","og_description":"T\u00f3nico a base de jengibre. \/ Ginger baser toner. Beneficios: Bueno para el cuidado delicado de la piel. Limpia, refresca y cuida suavemente la piel. Es tambi\u00e9n antis\u00e9ptico, antiinflamatorio e hidratante. Los aceites esenciales naturales, refuerzan la acci\u00f3n antis\u00e9ptica y proporcionan un olor caracter\u00edstico. La loci\u00f3n protege la piel de la p\u00e9rdida de elasticidad y [&hellip;]","og_url":"https:\/\/www.todoenbelleza.es\/en\/product\/ginger-tonic\/","og_site_name":"Todo en Belleza con Cuca Miquel","article_publisher":"https:\/\/www.facebook.com\/www.todoenbelleza.es\/","article_modified_time":"2023-08-10T06:52:12+00:00","og_image":[{"width":720,"height":1080,"url":"https:\/\/www.todoenbelleza.es\/wp-content\/uploads\/2023\/08\/Ginger-Tonic.png","type":"image\/png"}],"twitter_card":"summary_large_image","twitter_site":"@todoenbelleza1","twitter_misc":{"Estimated reading time":"1 minute"},"schema":{"@context":"https:\/\/schema.org","@graph":[{"@type":"WebPage","@id":"https:\/\/www.todoenbelleza.es\/producto\/ginger-tonic\/","url":"https:\/\/www.todoenbelleza.es\/producto\/ginger-tonic\/","name":"Ginger Tonic - Todo en Belleza con Cuca Miquel","isPartOf":{"@id":"https:\/\/www.todoenbelleza.es\/#website"},"datePublished":"2023-08-01T19:55:29+00:00","dateModified":"2023-08-10T06:52:12+00:00","breadcrumb":{"@id":"https:\/\/www.todoenbelleza.es\/producto\/ginger-tonic\/#breadcrumb"},"inLanguage":"en-GB","potentialAction":[{"@type":"ReadAction","target":["https:\/\/www.todoenbelleza.es\/producto\/ginger-tonic\/"]}]},{"@type":"BreadcrumbList","@id":"https:\/\/www.todoenbelleza.es\/producto\/ginger-tonic\/#breadcrumb","itemListElement":[{"@type":"ListItem","position":1,"name":"Portada","item":"https:\/\/www.todoenbelleza.es\/"},{"@type":"ListItem","position":2,"name":"Productos","item":"https:\/\/www.todoenbelleza.es\/shop\/"},{"@type":"ListItem","position":3,"name":"Ginger Tonic"}]},{"@type":"WebSite","@id":"https:\/\/www.todoenbelleza.es\/#website","url":"https:\/\/www.todoenbelleza.es\/","name":"Todo en Belleza con Cuca Miquel","description":"Centro de belleza y medicina est\u00e9tica en Madrid","publisher":{"@id":"https:\/\/www.todoenbelleza.es\/#organization"},"potentialAction":[{"@type":"SearchAction","target":{"@type":"EntryPoint","urlTemplate":"https:\/\/www.todoenbelleza.es\/?s={search_term_string}"},"query-input":"required name=search_term_string"}],"inLanguage":"en-GB"},{"@type":"Organization","@id":"https:\/\/www.todoenbelleza.es\/#organization","name":"Todo en Belleza con Cuca Miquel","url":"https:\/\/www.todoenbelleza.es\/","logo":{"@type":"ImageObject","inLanguage":"en-GB","@id":"https:\/\/www.todoenbelleza.es\/#\/schema\/logo\/image\/","url":"https:\/\/www.todoenbelleza.es\/wp-content\/uploads\/2023\/02\/logocabecera.png","contentUrl":"https:\/\/www.todoenbelleza.es\/wp-content\/uploads\/2023\/02\/logocabecera.png","width":311,"height":60,"caption":"Todo en Belleza con Cuca Miquel"},"image":{"@id":"https:\/\/www.todoenbelleza.es\/#\/schema\/logo\/image\/"},"sameAs":["https:\/\/www.facebook.com\/www.todoenbelleza.es\/","https:\/\/twitter.com\/todoenbelleza1","https:\/\/www.instagram.com\/todo.en.belleza_cucamiquel\/"]}]}},"_links":{"self":[{"href":"https:\/\/www.todoenbelleza.es\/en\/wp-json\/wp\/v2\/product\/19860"}],"collection":[{"href":"https:\/\/www.todoenbelleza.es\/en\/wp-json\/wp\/v2\/product"}],"about":[{"href":"https:\/\/www.todoenbelleza.es\/en\/wp-json\/wp\/v2\/types\/product"}],"replies":[{"embeddable":true,"href":"https:\/\/www.todoenbelleza.es\/en\/wp-json\/wp\/v2\/comments?post=19860"}],"wp:featuredmedia":[{"embeddable":true,"href":"https:\/\/www.todoenbelleza.es\/en\/wp-json\/wp\/v2\/media\/19861"}],"wp:attachment":[{"href":"https:\/\/www.todoenbelleza.es\/en\/wp-json\/wp\/v2\/media?parent=19860"}],"wp:term":[{"taxonomy":"product_cat","embeddable":true,"href":"https:\/\/www.todoenbelleza.es\/en\/wp-json\/wp\/v2\/product_cat?post=19860"},{"taxonomy":"product_tag","embeddable":true,"href":"https:\/\/www.todoenbelleza.es\/en\/wp-json\/wp\/v2\/product_tag?post=19860"}],"curies":[{"name":"wp","href":"https:\/\/api.w.org\/{rel}","templated":true}]}}