{"id":19844,"date":"2023-08-01T19:22:15","date_gmt":"2023-08-01T19:22:15","guid":{"rendered":"https:\/\/www.todoenbelleza.es\/?post_type=product&#038;p=19844"},"modified":"2023-08-10T09:39:26","modified_gmt":"2023-08-10T09:39:26","slug":"retinol-ultimate","status":"publish","type":"product","link":"https:\/\/www.todoenbelleza.es\/en\/product\/retinol-ultimate\/","title":{"rendered":"Retinol Ultimate"},"content":{"rendered":"<p><strong>Crema Antiarrugas noche \/ Anti aging night cream.<\/strong><br \/>\nCrema con Retinol y vitamina C dise\u00f1ada para las pieles maduras y secas. \/ Cream with Retinol and vitamin C designed for mature and dry skin.<\/p>\n<p><strong>Beneficios:<\/strong> Activa los procesos de rejuvenecimiento de la piel y reduce la profundidad y visibilidad de las arrugas. Favorece la s\u00edntesis de col\u00e1geno, afinando la piel, evitando la hiperqueratinizaci\u00f3n, aumenta la hidrataci\u00f3n y cierra el poro.<br \/>\n<strong>Benefits:<\/strong> Activates skin rejuvenation processes and reduces the depth and visibility of wrinkles. It favors the synthesis of collagen, refining the skin, avoiding hyperkeratinization, increases hydration and closes the pore.<\/p>\n<p><strong>Modo de empleo:<\/strong> Aplicar por la noche sobre la piel limpia bajo indicaciones personalizadas.<br \/>\n<strong>How to use:<\/strong> Apply night on clean skin under personalized instructions.<\/p>\n<p><strong>Componentes clave:<\/strong> Retinol, Glicerina, Lecitina, aceite de semilla de Girasol, aceite de soja, extracto de granos de c\u00edtricos.<br \/>\n<strong>Main components:<\/strong> Retinol, Glycerin, Lecithin, Sunflower seed oil, Soybean oil, Citrus kernel extract.<\/p>","protected":false},"excerpt":{"rendered":"<p>Crema Antiarrugas noche \/ Anti aging night cream. Crema con Retinol y vitamina C dise\u00f1ada para las pieles maduras y secas. \/ Cream with Retinol and vitamin C designed for mature and dry skin. Beneficios: Activa los procesos de rejuvenecimiento de la piel y reduce la profundidad y visibilidad de las arrugas. Favorece la s\u00edntesis [&hellip;]<\/p>","protected":false},"featured_media":20081,"comment_status":"closed","ping_status":"closed","template":"","meta":{"_et_pb_use_builder":"","_et_pb_old_content":"","_et_gb_content_width":"","_joinchat":[]},"product_cat":[745],"product_tag":[],"yoast_head":"<!-- This site is optimized with the Yoast SEO plugin v20.10 - https:\/\/yoast.com\/wordpress\/plugins\/seo\/ -->\n<title>Retinol Ultimate - Todo en Belleza con Cuca Miquel<\/title>\n<meta name=\"robots\" content=\"index, follow, max-snippet:-1, max-image-preview:large, max-video-preview:-1\" \/>\n<link rel=\"canonical\" href=\"https:\/\/www.todoenbelleza.es\/en\/product\/retinol-ultimate\/\" \/>\n<meta property=\"og:locale\" content=\"en_GB\" \/>\n<meta property=\"og:type\" content=\"article\" \/>\n<meta property=\"og:title\" content=\"Retinol Ultimate - Todo en Belleza con Cuca Miquel\" \/>\n<meta property=\"og:description\" content=\"Crema Antiarrugas noche \/ Anti aging night cream. Crema con Retinol y vitamina C dise\u00f1ada para las pieles maduras y secas. \/ Cream with Retinol and vitamin C designed for mature and dry skin. Beneficios: Activa los procesos de rejuvenecimiento de la piel y reduce la profundidad y visibilidad de las arrugas. Favorece la s\u00edntesis [&hellip;]\" \/>\n<meta property=\"og:url\" content=\"https:\/\/www.todoenbelleza.es\/en\/product\/retinol-ultimate\/\" \/>\n<meta property=\"og:site_name\" content=\"Todo en Belleza con Cuca Miquel\" \/>\n<meta property=\"article:publisher\" content=\"https:\/\/www.facebook.com\/www.todoenbelleza.es\/\" \/>\n<meta property=\"article:modified_time\" content=\"2023-08-10T09:39:26+00:00\" \/>\n<meta property=\"og:image\" content=\"https:\/\/www.todoenbelleza.es\/wp-content\/uploads\/2023\/08\/Retinol-Ultimate_nuevo.webp\" \/>\n\t<meta property=\"og:image:width\" content=\"500\" \/>\n\t<meta property=\"og:image:height\" content=\"750\" \/>\n\t<meta property=\"og:image:type\" content=\"image\/webp\" \/>\n<meta name=\"twitter:card\" content=\"summary_large_image\" \/>\n<meta name=\"twitter:site\" content=\"@todoenbelleza1\" \/>\n<meta name=\"twitter:label1\" content=\"Estimated reading time\" \/>\n\t<meta name=\"twitter:data1\" content=\"1 minute\" \/>\n<!-- \/ Yoast SEO plugin. -->","yoast_head_json":{"title":"Retinol Ultimate - Todo en Belleza con Cuca Miquel","robots":{"index":"index","follow":"follow","max-snippet":"max-snippet:-1","max-image-preview":"max-image-preview:large","max-video-preview":"max-video-preview:-1"},"canonical":"https:\/\/www.todoenbelleza.es\/en\/product\/retinol-ultimate\/","og_locale":"en_GB","og_type":"article","og_title":"Retinol Ultimate - Todo en Belleza con Cuca Miquel","og_description":"Crema Antiarrugas noche \/ Anti aging night cream. Crema con Retinol y vitamina C dise\u00f1ada para las pieles maduras y secas. \/ Cream with Retinol and vitamin C designed for mature and dry skin. Beneficios: Activa los procesos de rejuvenecimiento de la piel y reduce la profundidad y visibilidad de las arrugas. Favorece la s\u00edntesis [&hellip;]","og_url":"https:\/\/www.todoenbelleza.es\/en\/product\/retinol-ultimate\/","og_site_name":"Todo en Belleza con Cuca Miquel","article_publisher":"https:\/\/www.facebook.com\/www.todoenbelleza.es\/","article_modified_time":"2023-08-10T09:39:26+00:00","og_image":[{"width":500,"height":750,"url":"https:\/\/www.todoenbelleza.es\/wp-content\/uploads\/2023\/08\/Retinol-Ultimate_nuevo.webp","type":"image\/webp"}],"twitter_card":"summary_large_image","twitter_site":"@todoenbelleza1","twitter_misc":{"Estimated reading time":"1 minute"},"schema":{"@context":"https:\/\/schema.org","@graph":[{"@type":"WebPage","@id":"https:\/\/www.todoenbelleza.es\/producto\/retinol-ultimate\/","url":"https:\/\/www.todoenbelleza.es\/producto\/retinol-ultimate\/","name":"Retinol Ultimate - Todo en Belleza con Cuca Miquel","isPartOf":{"@id":"https:\/\/www.todoenbelleza.es\/#website"},"datePublished":"2023-08-01T19:22:15+00:00","dateModified":"2023-08-10T09:39:26+00:00","breadcrumb":{"@id":"https:\/\/www.todoenbelleza.es\/producto\/retinol-ultimate\/#breadcrumb"},"inLanguage":"en-GB","potentialAction":[{"@type":"ReadAction","target":["https:\/\/www.todoenbelleza.es\/producto\/retinol-ultimate\/"]}]},{"@type":"BreadcrumbList","@id":"https:\/\/www.todoenbelleza.es\/producto\/retinol-ultimate\/#breadcrumb","itemListElement":[{"@type":"ListItem","position":1,"name":"Portada","item":"https:\/\/www.todoenbelleza.es\/"},{"@type":"ListItem","position":2,"name":"Productos","item":"https:\/\/www.todoenbelleza.es\/shop\/"},{"@type":"ListItem","position":3,"name":"Retinol Ultimate"}]},{"@type":"WebSite","@id":"https:\/\/www.todoenbelleza.es\/#website","url":"https:\/\/www.todoenbelleza.es\/","name":"Todo en Belleza con Cuca Miquel","description":"Centro de belleza y medicina est\u00e9tica en Madrid","publisher":{"@id":"https:\/\/www.todoenbelleza.es\/#organization"},"potentialAction":[{"@type":"SearchAction","target":{"@type":"EntryPoint","urlTemplate":"https:\/\/www.todoenbelleza.es\/?s={search_term_string}"},"query-input":"required name=search_term_string"}],"inLanguage":"en-GB"},{"@type":"Organization","@id":"https:\/\/www.todoenbelleza.es\/#organization","name":"Todo en Belleza con Cuca Miquel","url":"https:\/\/www.todoenbelleza.es\/","logo":{"@type":"ImageObject","inLanguage":"en-GB","@id":"https:\/\/www.todoenbelleza.es\/#\/schema\/logo\/image\/","url":"https:\/\/www.todoenbelleza.es\/wp-content\/uploads\/2023\/02\/logocabecera.png","contentUrl":"https:\/\/www.todoenbelleza.es\/wp-content\/uploads\/2023\/02\/logocabecera.png","width":311,"height":60,"caption":"Todo en Belleza con Cuca Miquel"},"image":{"@id":"https:\/\/www.todoenbelleza.es\/#\/schema\/logo\/image\/"},"sameAs":["https:\/\/www.facebook.com\/www.todoenbelleza.es\/","https:\/\/twitter.com\/todoenbelleza1","https:\/\/www.instagram.com\/todo.en.belleza_cucamiquel\/"]}]}},"_links":{"self":[{"href":"https:\/\/www.todoenbelleza.es\/en\/wp-json\/wp\/v2\/product\/19844"}],"collection":[{"href":"https:\/\/www.todoenbelleza.es\/en\/wp-json\/wp\/v2\/product"}],"about":[{"href":"https:\/\/www.todoenbelleza.es\/en\/wp-json\/wp\/v2\/types\/product"}],"replies":[{"embeddable":true,"href":"https:\/\/www.todoenbelleza.es\/en\/wp-json\/wp\/v2\/comments?post=19844"}],"wp:featuredmedia":[{"embeddable":true,"href":"https:\/\/www.todoenbelleza.es\/en\/wp-json\/wp\/v2\/media\/20081"}],"wp:attachment":[{"href":"https:\/\/www.todoenbelleza.es\/en\/wp-json\/wp\/v2\/media?parent=19844"}],"wp:term":[{"taxonomy":"product_cat","embeddable":true,"href":"https:\/\/www.todoenbelleza.es\/en\/wp-json\/wp\/v2\/product_cat?post=19844"},{"taxonomy":"product_tag","embeddable":true,"href":"https:\/\/www.todoenbelleza.es\/en\/wp-json\/wp\/v2\/product_tag?post=19844"}],"curies":[{"name":"wp","href":"https:\/\/api.w.org\/{rel}","templated":true}]}}