{"id":19841,"date":"2023-08-01T19:16:13","date_gmt":"2023-08-01T19:16:13","guid":{"rendered":"https:\/\/www.todoenbelleza.es\/?post_type=product&#038;p=19841"},"modified":"2024-05-08T19:35:03","modified_gmt":"2024-05-08T19:35:03","slug":"renatio","status":"publish","type":"product","link":"https:\/\/www.todoenbelleza.es\/en\/product\/renatio\/","title":{"rendered":"Renatio"},"content":{"rendered":"<p><strong>Crema para renovar la piel. \/ Renewing cream.<\/strong><\/p>\n<p><strong>Beneficios<\/strong>: Crema exfoliante de ca\u00f1a de az\u00facar para renovar tu piel de forma segura y muy eficaz.<br \/>\n<strong>Benefits:<\/strong> Sugar cane exfoliating cream to renew your skin safely and very effectively.<\/p>\n<p><strong>Modo de empleo:<\/strong> Uso exclusivo de noche sobre la piel limpia y seca.<br \/>\n<strong>How to use:<\/strong> Exclusive use at night on clean and dry skin.<\/p>\n<p><strong>Componentes clave:<\/strong> \u00c1cido glic\u00f3lico, aceite de semilla de albaricoque, aceite de almendras dulces, aceite de semilla Girasol y \u00c1cido Salic\u00edlico.<br \/>\n<strong>Main components:<\/strong> Glycolic Acid, Apricot Kernel Oil, Sweet Almond Oil, Sunflower Seed Oil and Salicylic Acid.<\/p>","protected":false},"excerpt":{"rendered":"<p>Crema para renovar la piel. \/ Renewing cream. Beneficios: Crema exfoliante de ca\u00f1a de az\u00facar para renovar tu piel de forma segura y muy eficaz. Benefits: Sugar cane exfoliating cream to renew your skin safely and very effectively. Modo de empleo: Uso exclusivo de noche sobre la piel limpia y seca. How to use: Exclusive [&hellip;]<\/p>","protected":false},"featured_media":19842,"comment_status":"closed","ping_status":"closed","template":"","meta":{"_et_pb_use_builder":"","_et_pb_old_content":"","_et_gb_content_width":"","_joinchat":[]},"product_cat":[745],"product_tag":[],"yoast_head":"<!-- This site is optimized with the Yoast SEO plugin v20.10 - https:\/\/yoast.com\/wordpress\/plugins\/seo\/ -->\n<title>Renatio - Todo en Belleza con Cuca Miquel<\/title>\n<meta name=\"robots\" content=\"index, follow, max-snippet:-1, max-image-preview:large, max-video-preview:-1\" \/>\n<link rel=\"canonical\" href=\"https:\/\/www.todoenbelleza.es\/en\/product\/renatio\/\" \/>\n<meta property=\"og:locale\" content=\"en_GB\" \/>\n<meta property=\"og:type\" content=\"article\" \/>\n<meta property=\"og:title\" content=\"Renatio - Todo en Belleza con Cuca Miquel\" \/>\n<meta property=\"og:description\" content=\"Crema para renovar la piel. \/ Renewing cream. Beneficios: Crema exfoliante de ca\u00f1a de az\u00facar para renovar tu piel de forma segura y muy eficaz. Benefits: Sugar cane exfoliating cream to renew your skin safely and very effectively. Modo de empleo: Uso exclusivo de noche sobre la piel limpia y seca. How to use: Exclusive [&hellip;]\" \/>\n<meta property=\"og:url\" content=\"https:\/\/www.todoenbelleza.es\/en\/product\/renatio\/\" \/>\n<meta property=\"og:site_name\" content=\"Todo en Belleza con Cuca Miquel\" \/>\n<meta property=\"article:publisher\" content=\"https:\/\/www.facebook.com\/www.todoenbelleza.es\/\" \/>\n<meta property=\"article:modified_time\" content=\"2024-05-08T19:35:03+00:00\" \/>\n<meta property=\"og:image\" content=\"https:\/\/www.todoenbelleza.es\/wp-content\/uploads\/2023\/08\/Renatio.png\" \/>\n\t<meta property=\"og:image:width\" content=\"720\" \/>\n\t<meta property=\"og:image:height\" content=\"1080\" \/>\n\t<meta property=\"og:image:type\" content=\"image\/png\" \/>\n<meta name=\"twitter:card\" content=\"summary_large_image\" \/>\n<meta name=\"twitter:site\" content=\"@todoenbelleza1\" \/>\n<meta name=\"twitter:label1\" content=\"Estimated reading time\" \/>\n\t<meta name=\"twitter:data1\" content=\"1 minute\" \/>\n<!-- \/ Yoast SEO plugin. -->","yoast_head_json":{"title":"Renatio - Todo en Belleza con Cuca Miquel","robots":{"index":"index","follow":"follow","max-snippet":"max-snippet:-1","max-image-preview":"max-image-preview:large","max-video-preview":"max-video-preview:-1"},"canonical":"https:\/\/www.todoenbelleza.es\/en\/product\/renatio\/","og_locale":"en_GB","og_type":"article","og_title":"Renatio - Todo en Belleza con Cuca Miquel","og_description":"Crema para renovar la piel. \/ Renewing cream. Beneficios: Crema exfoliante de ca\u00f1a de az\u00facar para renovar tu piel de forma segura y muy eficaz. Benefits: Sugar cane exfoliating cream to renew your skin safely and very effectively. Modo de empleo: Uso exclusivo de noche sobre la piel limpia y seca. How to use: Exclusive [&hellip;]","og_url":"https:\/\/www.todoenbelleza.es\/en\/product\/renatio\/","og_site_name":"Todo en Belleza con Cuca Miquel","article_publisher":"https:\/\/www.facebook.com\/www.todoenbelleza.es\/","article_modified_time":"2024-05-08T19:35:03+00:00","og_image":[{"width":720,"height":1080,"url":"https:\/\/www.todoenbelleza.es\/wp-content\/uploads\/2023\/08\/Renatio.png","type":"image\/png"}],"twitter_card":"summary_large_image","twitter_site":"@todoenbelleza1","twitter_misc":{"Estimated reading time":"1 minute"},"schema":{"@context":"https:\/\/schema.org","@graph":[{"@type":"WebPage","@id":"https:\/\/www.todoenbelleza.es\/producto\/renatio\/","url":"https:\/\/www.todoenbelleza.es\/producto\/renatio\/","name":"Renatio - Todo en Belleza con Cuca Miquel","isPartOf":{"@id":"https:\/\/www.todoenbelleza.es\/#website"},"datePublished":"2023-08-01T19:16:13+00:00","dateModified":"2024-05-08T19:35:03+00:00","breadcrumb":{"@id":"https:\/\/www.todoenbelleza.es\/producto\/renatio\/#breadcrumb"},"inLanguage":"en-GB","potentialAction":[{"@type":"ReadAction","target":["https:\/\/www.todoenbelleza.es\/producto\/renatio\/"]}]},{"@type":"BreadcrumbList","@id":"https:\/\/www.todoenbelleza.es\/producto\/renatio\/#breadcrumb","itemListElement":[{"@type":"ListItem","position":1,"name":"Portada","item":"https:\/\/www.todoenbelleza.es\/"},{"@type":"ListItem","position":2,"name":"Productos","item":"https:\/\/www.todoenbelleza.es\/shop\/"},{"@type":"ListItem","position":3,"name":"Renatio"}]},{"@type":"WebSite","@id":"https:\/\/www.todoenbelleza.es\/#website","url":"https:\/\/www.todoenbelleza.es\/","name":"Todo en Belleza con Cuca Miquel","description":"Centro de belleza y medicina est\u00e9tica en Madrid","publisher":{"@id":"https:\/\/www.todoenbelleza.es\/#organization"},"potentialAction":[{"@type":"SearchAction","target":{"@type":"EntryPoint","urlTemplate":"https:\/\/www.todoenbelleza.es\/?s={search_term_string}"},"query-input":"required name=search_term_string"}],"inLanguage":"en-GB"},{"@type":"Organization","@id":"https:\/\/www.todoenbelleza.es\/#organization","name":"Todo en Belleza con Cuca Miquel","url":"https:\/\/www.todoenbelleza.es\/","logo":{"@type":"ImageObject","inLanguage":"en-GB","@id":"https:\/\/www.todoenbelleza.es\/#\/schema\/logo\/image\/","url":"https:\/\/www.todoenbelleza.es\/wp-content\/uploads\/2023\/02\/logocabecera.png","contentUrl":"https:\/\/www.todoenbelleza.es\/wp-content\/uploads\/2023\/02\/logocabecera.png","width":311,"height":60,"caption":"Todo en Belleza con Cuca Miquel"},"image":{"@id":"https:\/\/www.todoenbelleza.es\/#\/schema\/logo\/image\/"},"sameAs":["https:\/\/www.facebook.com\/www.todoenbelleza.es\/","https:\/\/twitter.com\/todoenbelleza1","https:\/\/www.instagram.com\/todo.en.belleza_cucamiquel\/"]}]}},"_links":{"self":[{"href":"https:\/\/www.todoenbelleza.es\/en\/wp-json\/wp\/v2\/product\/19841"}],"collection":[{"href":"https:\/\/www.todoenbelleza.es\/en\/wp-json\/wp\/v2\/product"}],"about":[{"href":"https:\/\/www.todoenbelleza.es\/en\/wp-json\/wp\/v2\/types\/product"}],"replies":[{"embeddable":true,"href":"https:\/\/www.todoenbelleza.es\/en\/wp-json\/wp\/v2\/comments?post=19841"}],"wp:featuredmedia":[{"embeddable":true,"href":"https:\/\/www.todoenbelleza.es\/en\/wp-json\/wp\/v2\/media\/19842"}],"wp:attachment":[{"href":"https:\/\/www.todoenbelleza.es\/en\/wp-json\/wp\/v2\/media?parent=19841"}],"wp:term":[{"taxonomy":"product_cat","embeddable":true,"href":"https:\/\/www.todoenbelleza.es\/en\/wp-json\/wp\/v2\/product_cat?post=19841"},{"taxonomy":"product_tag","embeddable":true,"href":"https:\/\/www.todoenbelleza.es\/en\/wp-json\/wp\/v2\/product_tag?post=19841"}],"curies":[{"name":"wp","href":"https:\/\/api.w.org\/{rel}","templated":true}]}}