{"id":19838,"date":"2023-08-01T19:09:54","date_gmt":"2023-08-01T19:09:54","guid":{"rendered":"https:\/\/www.todoenbelleza.es\/?post_type=product&#038;p=19838"},"modified":"2023-08-01T19:13:27","modified_gmt":"2023-08-01T19:13:27","slug":"cessabit","status":"publish","type":"product","link":"https:\/\/www.todoenbelleza.es\/en\/product\/cessabit\/","title":{"rendered":"Cessabit"},"content":{"rendered":"<p>Crema para reparar la piel. \/ Repair cream.<\/p>\n<p><strong>Beneficios:<\/strong> Phyto gel calmante para pieles sensibles de origen exclusivamente vegetal. Con extractos de plantas purificantes, renovadores de la barrera cut\u00e1nea y oxigenantes.<br \/>\n<strong>Benefits:<\/strong> Phyto soothing gel for sensitive skin of exclusively vegetable origin. With purifying plant extracts, renovators of the skin barrier and oxygenating.<\/p>\n<p><strong>Modo de empleo:<\/strong> Uso exclusivo de noche sobre la piel limpia y seca.<br \/>\n<strong>How to use:<\/strong> Exclusive use at night on clean and dry skin.<\/p>\n<p><strong>Componentes clave:<\/strong> Extracto de hoja de Hiedra, agua de Hamamelis, extracto de Cola de Caballo, extracto de flor de Cal\u00e9ndula, extracto de flor de Manzanilla, extracto de hoja de Salvia, extracto de ra\u00edz de Valeriana, extracto de Milenrama, extracto de Hinojo y \u00c1cido Salic\u00edlico.<br \/>\n<strong>Main components:<\/strong> Ivy Leaf Extract, Witch Hazel, Horsetail Extract, Calendula Flower Extract, Chamomile Flower Extract, Sage Leaf Extract, Valerian Root Extract, Yarrow Extract, Fennel Extract and Salicylic Acid<\/p>","protected":false},"excerpt":{"rendered":"<p>Crema para reparar la piel. \/ Repair cream. Beneficios: Phyto gel calmante para pieles sensibles de origen exclusivamente vegetal. Con extractos de plantas purificantes, renovadores de la barrera cut\u00e1nea y oxigenantes. Benefits: Phyto soothing gel for sensitive skin of exclusively vegetable origin. With purifying plant extracts, renovators of the skin barrier and oxygenating. Modo de [&hellip;]<\/p>","protected":false},"featured_media":19839,"comment_status":"closed","ping_status":"closed","template":"","meta":{"_et_pb_use_builder":"","_et_pb_old_content":"","_et_gb_content_width":"","_joinchat":[]},"product_cat":[745],"product_tag":[],"yoast_head":"<!-- This site is optimized with the Yoast SEO plugin v20.10 - https:\/\/yoast.com\/wordpress\/plugins\/seo\/ -->\n<title>Cessabit - Todo en Belleza con Cuca Miquel<\/title>\n<meta name=\"robots\" content=\"index, follow, max-snippet:-1, max-image-preview:large, max-video-preview:-1\" \/>\n<link rel=\"canonical\" href=\"https:\/\/www.todoenbelleza.es\/en\/product\/cessabit\/\" \/>\n<meta property=\"og:locale\" content=\"en_GB\" \/>\n<meta property=\"og:type\" content=\"article\" \/>\n<meta property=\"og:title\" content=\"Cessabit - Todo en Belleza con Cuca Miquel\" \/>\n<meta property=\"og:description\" content=\"Crema para reparar la piel. \/ Repair cream. Beneficios: Phyto gel calmante para pieles sensibles de origen exclusivamente vegetal. Con extractos de plantas purificantes, renovadores de la barrera cut\u00e1nea y oxigenantes. Benefits: Phyto soothing gel for sensitive skin of exclusively vegetable origin. With purifying plant extracts, renovators of the skin barrier and oxygenating. Modo de [&hellip;]\" \/>\n<meta property=\"og:url\" content=\"https:\/\/www.todoenbelleza.es\/en\/product\/cessabit\/\" \/>\n<meta property=\"og:site_name\" content=\"Todo en Belleza con Cuca Miquel\" \/>\n<meta property=\"article:publisher\" content=\"https:\/\/www.facebook.com\/www.todoenbelleza.es\/\" \/>\n<meta property=\"article:modified_time\" content=\"2023-08-01T19:13:27+00:00\" \/>\n<meta property=\"og:image\" content=\"https:\/\/www.todoenbelleza.es\/wp-content\/uploads\/2023\/08\/Cessabit.png\" \/>\n\t<meta property=\"og:image:width\" content=\"720\" \/>\n\t<meta property=\"og:image:height\" content=\"1080\" \/>\n\t<meta property=\"og:image:type\" content=\"image\/png\" \/>\n<meta name=\"twitter:card\" content=\"summary_large_image\" \/>\n<meta name=\"twitter:site\" content=\"@todoenbelleza1\" \/>\n<meta name=\"twitter:label1\" content=\"Estimated reading time\" \/>\n\t<meta name=\"twitter:data1\" content=\"1 minute\" \/>\n<!-- \/ Yoast SEO plugin. -->","yoast_head_json":{"title":"Cessabit - Todo en Belleza con Cuca Miquel","robots":{"index":"index","follow":"follow","max-snippet":"max-snippet:-1","max-image-preview":"max-image-preview:large","max-video-preview":"max-video-preview:-1"},"canonical":"https:\/\/www.todoenbelleza.es\/en\/product\/cessabit\/","og_locale":"en_GB","og_type":"article","og_title":"Cessabit - Todo en Belleza con Cuca Miquel","og_description":"Crema para reparar la piel. \/ Repair cream. Beneficios: Phyto gel calmante para pieles sensibles de origen exclusivamente vegetal. Con extractos de plantas purificantes, renovadores de la barrera cut\u00e1nea y oxigenantes. Benefits: Phyto soothing gel for sensitive skin of exclusively vegetable origin. With purifying plant extracts, renovators of the skin barrier and oxygenating. Modo de [&hellip;]","og_url":"https:\/\/www.todoenbelleza.es\/en\/product\/cessabit\/","og_site_name":"Todo en Belleza con Cuca Miquel","article_publisher":"https:\/\/www.facebook.com\/www.todoenbelleza.es\/","article_modified_time":"2023-08-01T19:13:27+00:00","og_image":[{"width":720,"height":1080,"url":"https:\/\/www.todoenbelleza.es\/wp-content\/uploads\/2023\/08\/Cessabit.png","type":"image\/png"}],"twitter_card":"summary_large_image","twitter_site":"@todoenbelleza1","twitter_misc":{"Estimated reading time":"1 minute"},"schema":{"@context":"https:\/\/schema.org","@graph":[{"@type":"WebPage","@id":"https:\/\/www.todoenbelleza.es\/producto\/cessabit\/","url":"https:\/\/www.todoenbelleza.es\/producto\/cessabit\/","name":"Cessabit - Todo en Belleza con Cuca Miquel","isPartOf":{"@id":"https:\/\/www.todoenbelleza.es\/#website"},"datePublished":"2023-08-01T19:09:54+00:00","dateModified":"2023-08-01T19:13:27+00:00","breadcrumb":{"@id":"https:\/\/www.todoenbelleza.es\/producto\/cessabit\/#breadcrumb"},"inLanguage":"en-GB","potentialAction":[{"@type":"ReadAction","target":["https:\/\/www.todoenbelleza.es\/producto\/cessabit\/"]}]},{"@type":"BreadcrumbList","@id":"https:\/\/www.todoenbelleza.es\/producto\/cessabit\/#breadcrumb","itemListElement":[{"@type":"ListItem","position":1,"name":"Portada","item":"https:\/\/www.todoenbelleza.es\/"},{"@type":"ListItem","position":2,"name":"Productos","item":"https:\/\/www.todoenbelleza.es\/shop\/"},{"@type":"ListItem","position":3,"name":"Cessabit"}]},{"@type":"WebSite","@id":"https:\/\/www.todoenbelleza.es\/#website","url":"https:\/\/www.todoenbelleza.es\/","name":"Todo en Belleza con Cuca Miquel","description":"Centro de belleza y medicina est\u00e9tica en Madrid","publisher":{"@id":"https:\/\/www.todoenbelleza.es\/#organization"},"potentialAction":[{"@type":"SearchAction","target":{"@type":"EntryPoint","urlTemplate":"https:\/\/www.todoenbelleza.es\/?s={search_term_string}"},"query-input":"required name=search_term_string"}],"inLanguage":"en-GB"},{"@type":"Organization","@id":"https:\/\/www.todoenbelleza.es\/#organization","name":"Todo en Belleza con Cuca Miquel","url":"https:\/\/www.todoenbelleza.es\/","logo":{"@type":"ImageObject","inLanguage":"en-GB","@id":"https:\/\/www.todoenbelleza.es\/#\/schema\/logo\/image\/","url":"https:\/\/www.todoenbelleza.es\/wp-content\/uploads\/2023\/02\/logocabecera.png","contentUrl":"https:\/\/www.todoenbelleza.es\/wp-content\/uploads\/2023\/02\/logocabecera.png","width":311,"height":60,"caption":"Todo en Belleza con Cuca Miquel"},"image":{"@id":"https:\/\/www.todoenbelleza.es\/#\/schema\/logo\/image\/"},"sameAs":["https:\/\/www.facebook.com\/www.todoenbelleza.es\/","https:\/\/twitter.com\/todoenbelleza1","https:\/\/www.instagram.com\/todo.en.belleza_cucamiquel\/"]}]}},"_links":{"self":[{"href":"https:\/\/www.todoenbelleza.es\/en\/wp-json\/wp\/v2\/product\/19838"}],"collection":[{"href":"https:\/\/www.todoenbelleza.es\/en\/wp-json\/wp\/v2\/product"}],"about":[{"href":"https:\/\/www.todoenbelleza.es\/en\/wp-json\/wp\/v2\/types\/product"}],"replies":[{"embeddable":true,"href":"https:\/\/www.todoenbelleza.es\/en\/wp-json\/wp\/v2\/comments?post=19838"}],"wp:featuredmedia":[{"embeddable":true,"href":"https:\/\/www.todoenbelleza.es\/en\/wp-json\/wp\/v2\/media\/19839"}],"wp:attachment":[{"href":"https:\/\/www.todoenbelleza.es\/en\/wp-json\/wp\/v2\/media?parent=19838"}],"wp:term":[{"taxonomy":"product_cat","embeddable":true,"href":"https:\/\/www.todoenbelleza.es\/en\/wp-json\/wp\/v2\/product_cat?post=19838"},{"taxonomy":"product_tag","embeddable":true,"href":"https:\/\/www.todoenbelleza.es\/en\/wp-json\/wp\/v2\/product_tag?post=19838"}],"curies":[{"name":"wp","href":"https:\/\/api.w.org\/{rel}","templated":true}]}}