{"id":19826,"date":"2023-08-01T18:51:30","date_gmt":"2023-08-01T18:51:30","guid":{"rendered":"https:\/\/www.todoenbelleza.es\/?post_type=product&#038;p=19826"},"modified":"2023-08-01T18:55:19","modified_gmt":"2023-08-01T18:55:19","slug":"crema-iuvenis","status":"publish","type":"product","link":"https:\/\/www.todoenbelleza.es\/en\/product\/crema-iuvenis\/","title":{"rendered":"Crema Iuvenis"},"content":{"rendered":"<p>Crema de \u00e1cido Hialur\u00f3nico dise\u00f1ada para todo tipo de pieles. \/ Hyaluronic acid cream designed for all skin types.<\/p>\n<p><strong>Beneficios:<\/strong> Reduce eficazmente las l\u00edneas faciales y nutre la piel de la cara y el cuello. Prolonga la vida \u00fatil de la c\u00e9lula. Reduce visiblemente las arrugas y previene eficazmente las nuevas.<br \/>\n<strong>Benefits:<\/strong> Effectively reduces facial lines and nourishes the skin on the face and neck. Extends the life of the cell. Visibly reduces wrinkles and effectively prevents new ones.<\/p>\n<p><strong>Modo de empleo:<\/strong> Ma\u00f1ana y\/o noche, seg\u00fan indicaciones personalizadas.<br \/>\n<strong>How to use:<\/strong> Morning and\/or night, according to personalized indications.<\/p>\n<p><strong>Componentes principales:<\/strong> \u00c1cido Hialur\u00f3nico, Karit\u00e9, Progelina (efecto lifting) y aceite de uva.<br \/>\n<strong>Main components:<\/strong> Hyaluronic Acid, Karit\u00e9, Progelina (lifting effect) and grape oil<\/p>","protected":false},"excerpt":{"rendered":"<p>Crema de \u00e1cido Hialur\u00f3nico dise\u00f1ada para todo tipo de pieles. \/ Hyaluronic acid cream designed for all skin types. Beneficios: Reduce eficazmente las l\u00edneas faciales y nutre la piel de la cara y el cuello. Prolonga la vida \u00fatil de la c\u00e9lula. Reduce visiblemente las arrugas y previene eficazmente las nuevas. Benefits: Effectively reduces facial [&hellip;]<\/p>","protected":false},"featured_media":19827,"comment_status":"closed","ping_status":"closed","template":"","meta":{"_et_pb_use_builder":"","_et_pb_old_content":"","_et_gb_content_width":"","_joinchat":[]},"product_cat":[744],"product_tag":[],"yoast_head":"<!-- This site is optimized with the Yoast SEO plugin v20.10 - https:\/\/yoast.com\/wordpress\/plugins\/seo\/ -->\n<title>Crema Iuvenis - Todo en Belleza con Cuca Miquel<\/title>\n<meta name=\"robots\" content=\"index, follow, max-snippet:-1, max-image-preview:large, max-video-preview:-1\" \/>\n<link rel=\"canonical\" href=\"https:\/\/www.todoenbelleza.es\/en\/product\/crema-iuvenis\/\" \/>\n<meta property=\"og:locale\" content=\"en_GB\" \/>\n<meta property=\"og:type\" content=\"article\" \/>\n<meta property=\"og:title\" content=\"Crema Iuvenis - Todo en Belleza con Cuca Miquel\" \/>\n<meta property=\"og:description\" content=\"Crema de \u00e1cido Hialur\u00f3nico dise\u00f1ada para todo tipo de pieles. \/ Hyaluronic acid cream designed for all skin types. Beneficios: Reduce eficazmente las l\u00edneas faciales y nutre la piel de la cara y el cuello. Prolonga la vida \u00fatil de la c\u00e9lula. Reduce visiblemente las arrugas y previene eficazmente las nuevas. Benefits: Effectively reduces facial [&hellip;]\" \/>\n<meta property=\"og:url\" content=\"https:\/\/www.todoenbelleza.es\/en\/product\/crema-iuvenis\/\" \/>\n<meta property=\"og:site_name\" content=\"Todo en Belleza con Cuca Miquel\" \/>\n<meta property=\"article:publisher\" content=\"https:\/\/www.facebook.com\/www.todoenbelleza.es\/\" \/>\n<meta property=\"article:modified_time\" content=\"2023-08-01T18:55:19+00:00\" \/>\n<meta property=\"og:image\" content=\"https:\/\/www.todoenbelleza.es\/wp-content\/uploads\/2023\/08\/Crema-Iuvenis.png\" \/>\n\t<meta property=\"og:image:width\" content=\"1080\" \/>\n\t<meta property=\"og:image:height\" content=\"720\" \/>\n\t<meta property=\"og:image:type\" content=\"image\/png\" \/>\n<meta name=\"twitter:card\" content=\"summary_large_image\" \/>\n<meta name=\"twitter:site\" content=\"@todoenbelleza1\" \/>\n<meta name=\"twitter:label1\" content=\"Estimated reading time\" \/>\n\t<meta name=\"twitter:data1\" content=\"1 minute\" \/>\n<!-- \/ Yoast SEO plugin. -->","yoast_head_json":{"title":"Crema Iuvenis - Todo en Belleza con Cuca Miquel","robots":{"index":"index","follow":"follow","max-snippet":"max-snippet:-1","max-image-preview":"max-image-preview:large","max-video-preview":"max-video-preview:-1"},"canonical":"https:\/\/www.todoenbelleza.es\/en\/product\/crema-iuvenis\/","og_locale":"en_GB","og_type":"article","og_title":"Crema Iuvenis - Todo en Belleza con Cuca Miquel","og_description":"Crema de \u00e1cido Hialur\u00f3nico dise\u00f1ada para todo tipo de pieles. \/ Hyaluronic acid cream designed for all skin types. Beneficios: Reduce eficazmente las l\u00edneas faciales y nutre la piel de la cara y el cuello. Prolonga la vida \u00fatil de la c\u00e9lula. Reduce visiblemente las arrugas y previene eficazmente las nuevas. Benefits: Effectively reduces facial [&hellip;]","og_url":"https:\/\/www.todoenbelleza.es\/en\/product\/crema-iuvenis\/","og_site_name":"Todo en Belleza con Cuca Miquel","article_publisher":"https:\/\/www.facebook.com\/www.todoenbelleza.es\/","article_modified_time":"2023-08-01T18:55:19+00:00","og_image":[{"width":1080,"height":720,"url":"https:\/\/www.todoenbelleza.es\/wp-content\/uploads\/2023\/08\/Crema-Iuvenis.png","type":"image\/png"}],"twitter_card":"summary_large_image","twitter_site":"@todoenbelleza1","twitter_misc":{"Estimated reading time":"1 minute"},"schema":{"@context":"https:\/\/schema.org","@graph":[{"@type":"WebPage","@id":"https:\/\/www.todoenbelleza.es\/producto\/crema-iuvenis\/","url":"https:\/\/www.todoenbelleza.es\/producto\/crema-iuvenis\/","name":"Crema Iuvenis - Todo en Belleza con Cuca Miquel","isPartOf":{"@id":"https:\/\/www.todoenbelleza.es\/#website"},"datePublished":"2023-08-01T18:51:30+00:00","dateModified":"2023-08-01T18:55:19+00:00","breadcrumb":{"@id":"https:\/\/www.todoenbelleza.es\/producto\/crema-iuvenis\/#breadcrumb"},"inLanguage":"en-GB","potentialAction":[{"@type":"ReadAction","target":["https:\/\/www.todoenbelleza.es\/producto\/crema-iuvenis\/"]}]},{"@type":"BreadcrumbList","@id":"https:\/\/www.todoenbelleza.es\/producto\/crema-iuvenis\/#breadcrumb","itemListElement":[{"@type":"ListItem","position":1,"name":"Portada","item":"https:\/\/www.todoenbelleza.es\/"},{"@type":"ListItem","position":2,"name":"Productos","item":"https:\/\/www.todoenbelleza.es\/shop\/"},{"@type":"ListItem","position":3,"name":"Crema Iuvenis"}]},{"@type":"WebSite","@id":"https:\/\/www.todoenbelleza.es\/#website","url":"https:\/\/www.todoenbelleza.es\/","name":"Todo en Belleza con Cuca Miquel","description":"Centro de belleza y medicina est\u00e9tica en Madrid","publisher":{"@id":"https:\/\/www.todoenbelleza.es\/#organization"},"potentialAction":[{"@type":"SearchAction","target":{"@type":"EntryPoint","urlTemplate":"https:\/\/www.todoenbelleza.es\/?s={search_term_string}"},"query-input":"required name=search_term_string"}],"inLanguage":"en-GB"},{"@type":"Organization","@id":"https:\/\/www.todoenbelleza.es\/#organization","name":"Todo en Belleza con Cuca Miquel","url":"https:\/\/www.todoenbelleza.es\/","logo":{"@type":"ImageObject","inLanguage":"en-GB","@id":"https:\/\/www.todoenbelleza.es\/#\/schema\/logo\/image\/","url":"https:\/\/www.todoenbelleza.es\/wp-content\/uploads\/2023\/02\/logocabecera.png","contentUrl":"https:\/\/www.todoenbelleza.es\/wp-content\/uploads\/2023\/02\/logocabecera.png","width":311,"height":60,"caption":"Todo en Belleza con Cuca Miquel"},"image":{"@id":"https:\/\/www.todoenbelleza.es\/#\/schema\/logo\/image\/"},"sameAs":["https:\/\/www.facebook.com\/www.todoenbelleza.es\/","https:\/\/twitter.com\/todoenbelleza1","https:\/\/www.instagram.com\/todo.en.belleza_cucamiquel\/"]}]}},"_links":{"self":[{"href":"https:\/\/www.todoenbelleza.es\/en\/wp-json\/wp\/v2\/product\/19826"}],"collection":[{"href":"https:\/\/www.todoenbelleza.es\/en\/wp-json\/wp\/v2\/product"}],"about":[{"href":"https:\/\/www.todoenbelleza.es\/en\/wp-json\/wp\/v2\/types\/product"}],"replies":[{"embeddable":true,"href":"https:\/\/www.todoenbelleza.es\/en\/wp-json\/wp\/v2\/comments?post=19826"}],"wp:featuredmedia":[{"embeddable":true,"href":"https:\/\/www.todoenbelleza.es\/en\/wp-json\/wp\/v2\/media\/19827"}],"wp:attachment":[{"href":"https:\/\/www.todoenbelleza.es\/en\/wp-json\/wp\/v2\/media?parent=19826"}],"wp:term":[{"taxonomy":"product_cat","embeddable":true,"href":"https:\/\/www.todoenbelleza.es\/en\/wp-json\/wp\/v2\/product_cat?post=19826"},{"taxonomy":"product_tag","embeddable":true,"href":"https:\/\/www.todoenbelleza.es\/en\/wp-json\/wp\/v2\/product_tag?post=19826"}],"curies":[{"name":"wp","href":"https:\/\/api.w.org\/{rel}","templated":true}]}}