{"id":19823,"date":"2023-08-01T18:47:31","date_gmt":"2023-08-01T18:47:31","guid":{"rendered":"https:\/\/www.todoenbelleza.es\/?post_type=product&#038;p=19823"},"modified":"2023-08-01T18:51:03","modified_gmt":"2023-08-01T18:51:03","slug":"crema-cannabum","status":"publish","type":"product","link":"https:\/\/www.todoenbelleza.es\/en\/product\/crema-cannabum\/","title":{"rendered":"Crema Cannabum"},"content":{"rendered":"<p><strong>Crema Cannabis, BIO dise\u00f1ada para todo tipo de pieles. \/ Cannabis Cream, BIO designed for all skin types.<\/strong><\/p>\n<p><strong>Beneficios:<\/strong> Act\u00faa directamente contra los radicales libres, evitando el envejecimiento cut\u00e1neo prematuro. La piel se vuelve m\u00e1s lisa, con menos arrugas y con un aspecto m\u00e1s j\u00f3ven.<br \/>\n<strong>Benefits:<\/strong> Acts directly against free radicals, preventing premature skin aging. The skin becomes smoother, with fewer wrinkles and a younger appearance.<\/p>\n<p><strong>Modo de empleo:<\/strong> Aplicar ma\u00f1ana y noche sobre la piel limpia y\/o bajo indicaciones personalizadas.<br \/>\n<strong>How to use:<\/strong> Apply morning and night on clean skin or under personalized instructions.<\/p>\n<p><strong>Principales componentes:<\/strong> CBD-Cannabidiol, Centella Asi\u00e1tica, Aloe Vera, \u00c1rnica, Jengibre, Karit\u00e9, Aceite de Oliva y Menta.<br \/>\n<strong>Main components:<\/strong> CBD-Cannabidiol, Centella Asiatica, Aloe Vera, Arnica, Ginger, Shea Butter, Olive Oil and Mint.<\/p>","protected":false},"excerpt":{"rendered":"<p>Crema Cannabis, BIO dise\u00f1ada para todo tipo de pieles. \/ Cannabis Cream, BIO designed for all skin types. Beneficios: Act\u00faa directamente contra los radicales libres, evitando el envejecimiento cut\u00e1neo prematuro. La piel se vuelve m\u00e1s lisa, con menos arrugas y con un aspecto m\u00e1s j\u00f3ven. Benefits: Acts directly against free radicals, preventing premature skin aging. [&hellip;]<\/p>","protected":false},"featured_media":19824,"comment_status":"closed","ping_status":"closed","template":"","meta":{"_et_pb_use_builder":"","_et_pb_old_content":"","_et_gb_content_width":"","_joinchat":[]},"product_cat":[744],"product_tag":[],"yoast_head":"<!-- This site is optimized with the Yoast SEO plugin v20.10 - https:\/\/yoast.com\/wordpress\/plugins\/seo\/ -->\n<title>Crema Cannabum - Todo en Belleza con Cuca Miquel<\/title>\n<meta name=\"robots\" content=\"index, follow, max-snippet:-1, max-image-preview:large, max-video-preview:-1\" \/>\n<link rel=\"canonical\" href=\"https:\/\/www.todoenbelleza.es\/en\/product\/crema-cannabum\/\" \/>\n<meta property=\"og:locale\" content=\"en_GB\" \/>\n<meta property=\"og:type\" content=\"article\" \/>\n<meta property=\"og:title\" content=\"Crema Cannabum - Todo en Belleza con Cuca Miquel\" \/>\n<meta property=\"og:description\" content=\"Crema Cannabis, BIO dise\u00f1ada para todo tipo de pieles. \/ Cannabis Cream, BIO designed for all skin types. Beneficios: Act\u00faa directamente contra los radicales libres, evitando el envejecimiento cut\u00e1neo prematuro. La piel se vuelve m\u00e1s lisa, con menos arrugas y con un aspecto m\u00e1s j\u00f3ven. Benefits: Acts directly against free radicals, preventing premature skin aging. [&hellip;]\" \/>\n<meta property=\"og:url\" content=\"https:\/\/www.todoenbelleza.es\/en\/product\/crema-cannabum\/\" \/>\n<meta property=\"og:site_name\" content=\"Todo en Belleza con Cuca Miquel\" \/>\n<meta property=\"article:publisher\" content=\"https:\/\/www.facebook.com\/www.todoenbelleza.es\/\" \/>\n<meta property=\"article:modified_time\" content=\"2023-08-01T18:51:03+00:00\" \/>\n<meta property=\"og:image\" content=\"https:\/\/www.todoenbelleza.es\/wp-content\/uploads\/2023\/08\/Crema-Cannabum.png\" \/>\n\t<meta property=\"og:image:width\" content=\"1080\" \/>\n\t<meta property=\"og:image:height\" content=\"720\" \/>\n\t<meta property=\"og:image:type\" content=\"image\/png\" \/>\n<meta name=\"twitter:card\" content=\"summary_large_image\" \/>\n<meta name=\"twitter:site\" content=\"@todoenbelleza1\" \/>\n<meta name=\"twitter:label1\" content=\"Estimated reading time\" \/>\n\t<meta name=\"twitter:data1\" content=\"1 minute\" \/>\n<!-- \/ Yoast SEO plugin. -->","yoast_head_json":{"title":"Crema Cannabum - Todo en Belleza con Cuca Miquel","robots":{"index":"index","follow":"follow","max-snippet":"max-snippet:-1","max-image-preview":"max-image-preview:large","max-video-preview":"max-video-preview:-1"},"canonical":"https:\/\/www.todoenbelleza.es\/en\/product\/crema-cannabum\/","og_locale":"en_GB","og_type":"article","og_title":"Crema Cannabum - Todo en Belleza con Cuca Miquel","og_description":"Crema Cannabis, BIO dise\u00f1ada para todo tipo de pieles. \/ Cannabis Cream, BIO designed for all skin types. Beneficios: Act\u00faa directamente contra los radicales libres, evitando el envejecimiento cut\u00e1neo prematuro. La piel se vuelve m\u00e1s lisa, con menos arrugas y con un aspecto m\u00e1s j\u00f3ven. Benefits: Acts directly against free radicals, preventing premature skin aging. [&hellip;]","og_url":"https:\/\/www.todoenbelleza.es\/en\/product\/crema-cannabum\/","og_site_name":"Todo en Belleza con Cuca Miquel","article_publisher":"https:\/\/www.facebook.com\/www.todoenbelleza.es\/","article_modified_time":"2023-08-01T18:51:03+00:00","og_image":[{"width":1080,"height":720,"url":"https:\/\/www.todoenbelleza.es\/wp-content\/uploads\/2023\/08\/Crema-Cannabum.png","type":"image\/png"}],"twitter_card":"summary_large_image","twitter_site":"@todoenbelleza1","twitter_misc":{"Estimated reading time":"1 minute"},"schema":{"@context":"https:\/\/schema.org","@graph":[{"@type":"WebPage","@id":"https:\/\/www.todoenbelleza.es\/producto\/crema-cannabum\/","url":"https:\/\/www.todoenbelleza.es\/producto\/crema-cannabum\/","name":"Crema Cannabum - Todo en Belleza con Cuca Miquel","isPartOf":{"@id":"https:\/\/www.todoenbelleza.es\/#website"},"datePublished":"2023-08-01T18:47:31+00:00","dateModified":"2023-08-01T18:51:03+00:00","breadcrumb":{"@id":"https:\/\/www.todoenbelleza.es\/producto\/crema-cannabum\/#breadcrumb"},"inLanguage":"en-GB","potentialAction":[{"@type":"ReadAction","target":["https:\/\/www.todoenbelleza.es\/producto\/crema-cannabum\/"]}]},{"@type":"BreadcrumbList","@id":"https:\/\/www.todoenbelleza.es\/producto\/crema-cannabum\/#breadcrumb","itemListElement":[{"@type":"ListItem","position":1,"name":"Portada","item":"https:\/\/www.todoenbelleza.es\/"},{"@type":"ListItem","position":2,"name":"Productos","item":"https:\/\/www.todoenbelleza.es\/shop\/"},{"@type":"ListItem","position":3,"name":"Crema Cannabum"}]},{"@type":"WebSite","@id":"https:\/\/www.todoenbelleza.es\/#website","url":"https:\/\/www.todoenbelleza.es\/","name":"Todo en Belleza con Cuca Miquel","description":"Centro de belleza y medicina est\u00e9tica en Madrid","publisher":{"@id":"https:\/\/www.todoenbelleza.es\/#organization"},"potentialAction":[{"@type":"SearchAction","target":{"@type":"EntryPoint","urlTemplate":"https:\/\/www.todoenbelleza.es\/?s={search_term_string}"},"query-input":"required name=search_term_string"}],"inLanguage":"en-GB"},{"@type":"Organization","@id":"https:\/\/www.todoenbelleza.es\/#organization","name":"Todo en Belleza con Cuca Miquel","url":"https:\/\/www.todoenbelleza.es\/","logo":{"@type":"ImageObject","inLanguage":"en-GB","@id":"https:\/\/www.todoenbelleza.es\/#\/schema\/logo\/image\/","url":"https:\/\/www.todoenbelleza.es\/wp-content\/uploads\/2023\/02\/logocabecera.png","contentUrl":"https:\/\/www.todoenbelleza.es\/wp-content\/uploads\/2023\/02\/logocabecera.png","width":311,"height":60,"caption":"Todo en Belleza con Cuca Miquel"},"image":{"@id":"https:\/\/www.todoenbelleza.es\/#\/schema\/logo\/image\/"},"sameAs":["https:\/\/www.facebook.com\/www.todoenbelleza.es\/","https:\/\/twitter.com\/todoenbelleza1","https:\/\/www.instagram.com\/todo.en.belleza_cucamiquel\/"]}]}},"_links":{"self":[{"href":"https:\/\/www.todoenbelleza.es\/en\/wp-json\/wp\/v2\/product\/19823"}],"collection":[{"href":"https:\/\/www.todoenbelleza.es\/en\/wp-json\/wp\/v2\/product"}],"about":[{"href":"https:\/\/www.todoenbelleza.es\/en\/wp-json\/wp\/v2\/types\/product"}],"replies":[{"embeddable":true,"href":"https:\/\/www.todoenbelleza.es\/en\/wp-json\/wp\/v2\/comments?post=19823"}],"wp:featuredmedia":[{"embeddable":true,"href":"https:\/\/www.todoenbelleza.es\/en\/wp-json\/wp\/v2\/media\/19824"}],"wp:attachment":[{"href":"https:\/\/www.todoenbelleza.es\/en\/wp-json\/wp\/v2\/media?parent=19823"}],"wp:term":[{"taxonomy":"product_cat","embeddable":true,"href":"https:\/\/www.todoenbelleza.es\/en\/wp-json\/wp\/v2\/product_cat?post=19823"},{"taxonomy":"product_tag","embeddable":true,"href":"https:\/\/www.todoenbelleza.es\/en\/wp-json\/wp\/v2\/product_tag?post=19823"}],"curies":[{"name":"wp","href":"https:\/\/api.w.org\/{rel}","templated":true}]}}