{"id":14456,"date":"2022-05-03T18:34:29","date_gmt":"2022-05-03T18:34:29","guid":{"rendered":"https:\/\/www.todoenbelleza.es\/?page_id=14456"},"modified":"2023-06-28T11:18:44","modified_gmt":"2023-06-28T11:18:44","slug":"estudios-de-la-piel-presencial-y-online","status":"publish","type":"page","link":"https:\/\/www.todoenbelleza.es\/en\/estudios-de-la-piel-presencial-y-online\/","title":{"rendered":"Estudios de la piel presencial y online"},"content":{"rendered":"<p>[et_pb_section fb_built=&#8221;1&#8243; _builder_version=&#8221;4.20.0&#8243; _module_preset=&#8221;default&#8221; custom_padding=&#8221;75px||||false|false&#8221; da_disable_devices=&#8221;off|off|off&#8221; global_colors_info=&#8221;{}&#8221; da_is_popup=&#8221;off&#8221; da_exit_intent=&#8221;off&#8221; da_has_close=&#8221;on&#8221; da_alt_close=&#8221;off&#8221; da_dark_close=&#8221;off&#8221; da_not_modal=&#8221;on&#8221; da_is_singular=&#8221;off&#8221; da_with_loader=&#8221;off&#8221; da_has_shadow=&#8221;on&#8221;][et_pb_row _builder_version=&#8221;4.17.3&#8243; _module_preset=&#8221;default&#8221; global_colors_info=&#8221;{}&#8221;][et_pb_column type=&#8221;4_4&#8243; _builder_version=&#8221;4.17.3&#8243; _module_preset=&#8221;default&#8221; global_colors_info=&#8221;{}&#8221;][et_pb_text _builder_version=&#8221;4.20.0&#8243; _module_preset=&#8221;default&#8221; text_font_size=&#8221;18px&#8221; header_font=&#8221;|300|||||||&#8221; header_text_color=&#8221;gcid-1b39a209-6a31-45ec-be14-7decef327fbf&#8221; header_font_size=&#8221;42px&#8221; header_2_text_color=&#8221;#EA0C3C&#8221; header_2_font_size=&#8221;42px&#8221; custom_padding=&#8221;||3px|||&#8221; global_colors_info=&#8221;{%22gcid-1b39a209-6a31-45ec-be14-7decef327fbf%22:%91%22header_text_color%22%93}&#8221;]<\/p>\n<h1 style=\"text-align: center;\">Skin studies<\/h1>\n<p>[\/et_pb_text][et_pb_text _builder_version=&#8221;4.18.0&#8243; _module_preset=&#8221;default&#8221; header_font=&#8221;|300|||||||&#8221; header_text_color=&#8221;gcid-1b39a209-6a31-45ec-be14-7decef327fbf&#8221; header_font_size=&#8221;40px&#8221; custom_padding=&#8221;||3px|||&#8221; global_colors_info=&#8221;{%22gcid-1b39a209-6a31-45ec-be14-7decef327fbf%22:%91%22header_text_color%22%93}&#8221;]<\/p>\n<p style=\"text-align: justify;\">The journey starts here. The first step is to carry out a complete study of your facial skin. Our innovative diagnostic equipment detects the possible anomalies and deficiencies that your skin may show. The most important part, however, is the evaluation of the results that we perform. <strong>nuestra experta en la piel: Cuca Miquel<\/strong>. She will explain the causes of your problem and recommend the appropriate cosmetic protocol for your case.<\/p>\n<p>[\/et_pb_text][\/et_pb_column][\/et_pb_row][et_pb_row _builder_version=&#8221;4.17.3&#8243; _module_preset=&#8221;default&#8221; global_module=&#8221;15994&#8243; global_colors_info=&#8221;{}&#8221;][et_pb_column type=&#8221;4_4&#8243; _builder_version=&#8221;4.17.3&#8243; _module_preset=&#8221;default&#8221; global_colors_info=&#8221;{}&#8221;][\/et_pb_column][\/et_pb_row][et_pb_row _builder_version=&#8221;4.17.3&#8243; _module_preset=&#8221;default&#8221; global_colors_info=&#8221;{}&#8221;][et_pb_column type=&#8221;4_4&#8243; _builder_version=&#8221;4.17.3&#8243; _module_preset=&#8221;default&#8221; global_colors_info=&#8221;{}&#8221;][et_pb_text _builder_version=&#8221;4.20.0&#8243; _module_preset=&#8221;default&#8221; text_font_size=&#8221;18px&#8221; header_font=&#8221;|300|||||||&#8221; header_2_font=&#8221;|300|||||||&#8221; header_2_text_color=&#8221;gcid-1b39a209-6a31-45ec-be14-7decef327fbf&#8221; header_2_font_size=&#8221;36px&#8221; global_colors_info=&#8221;{%22gcid-1b39a209-6a31-45ec-be14-7decef327fbf%22:%91%22header_2_text_color%22%93}&#8221;]<\/p>\n<h2 style=\"text-align: center;\">What kind of study do you want?<\/h2>\n<p>[\/et_pb_text][\/et_pb_column][\/et_pb_row][et_pb_row column_structure=&#8221;1_2,1_2&#8243; use_custom_gutter=&#8221;on&#8221; gutter_width=&#8221;1&#8243; make_equal=&#8221;on&#8221; _builder_version=&#8221;4.20.0&#8243; _module_preset=&#8221;default&#8221; custom_margin=&#8221;||40px||false|false&#8221; custom_padding=&#8221;0px|0px|0px|0px|false|false&#8221; border_width_all=&#8221;1px&#8221; global_colors_info=&#8221;{}&#8221;][et_pb_column type=&#8221;1_2&#8243; _builder_version=&#8221;4.17.3&#8243; _module_preset=&#8221;default&#8221; background_color=&#8221;RGBA(255,255,255,0)&#8221; background_image=&#8221;https:\/\/www.todoenbelleza.es\/wp-content\/uploads\/2021\/03\/todoenbelleza-recepcion-y-atencion-al-publico.jpg&#8221; global_colors_info=&#8221;{}&#8221;][\/et_pb_column][et_pb_column type=&#8221;1_2&#8243; _builder_version=&#8221;4.20.0&#8243; _module_preset=&#8221;default&#8221; custom_padding=&#8221;30px|30px|30px|30px|true|true&#8221; global_colors_info=&#8221;{}&#8221;][et_pb_text _builder_version=&#8221;4.20.0&#8243; _module_preset=&#8221;default&#8221; text_font=&#8221;|300|||||||&#8221; header_font=&#8221;||||||||&#8221; header_3_font=&#8221;|300|||||||&#8221; header_3_text_align=&#8221;center&#8221; header_3_text_color=&#8221;gcid-1b39a209-6a31-45ec-be14-7decef327fbf&#8221; header_3_font_size=&#8221;30px&#8221; header_4_font=&#8221;|300|||||||&#8221; header_4_text_color=&#8221;gcid-6b7c8b33-6a21-4273-9f84-30d3cdc3e626&#8243; header_4_font_size=&#8221;24px&#8221; custom_padding=&#8221;||20px||false|false&#8221; global_colors_info=&#8221;{%22gcid-1b39a209-6a31-45ec-be14-7decef327fbf%22:%91%22header_3_text_color%22%93,%22gcid-6b7c8b33-6a21-4273-9f84-30d3cdc3e626%22:%91%22header_4_text_color%22%93}&#8221;]<\/p>\n<h3>Face-to-face study<\/h3>\n<p style=\"text-align: justify;\">If you live in Madrid or if you have the possibility of coming to our centre during working hours, you can choose to study in person.<\/p>\n<h4>Take the first step<\/h4>\n<p>We are waiting for you at our centre in Luchana, 25, Madrid (<strong><a href=\"https:\/\/www.todoenbelleza.es\/en\/como-llegar\/\" title=\"Como llegar a Todo en Belleza, tu centro medico-est\u00e9tico en Madrid\">How to get there<\/a><\/strong>)<\/p>\n<p style=\"text-align: justify;\">Make an appointment by calling <a href=\"tel:34918834455\" title=\"Llama a Todo en Belleza y pide cita para tu Estudio de la piel\"><strong>91 883 44 55<\/strong><\/a> or <a href=\"https:\/\/www.todoenbelleza.es\/en\/pide-cita\/\" title=\"Fill out the form and make an appointment for your Skin Study\"><strong>make an appointment by clicking here<\/strong><\/a> and filling in the form. We will call you to arrange an appointment for your skin study.<\/p>\n<p>[\/et_pb_text][et_pb_button button_url=&#8221;@ET-DC@eyJkeW5hbWljIjp0cnVlLCJjb250ZW50IjoicG9zdF9saW5rX3VybF9wYWdlIiwic2V0dGluZ3MiOnsicG9zdF9pZCI6Ijk1NDkifX0=@&#8221; button_text=&#8221;M\u00e1s Informaci\u00f3n del estudio de la piel presencial&#8221; button_alignment=&#8221;center&#8221; _builder_version=&#8221;4.20.0&#8243; _dynamic_attributes=&#8221;button_url&#8221; _module_preset=&#8221;default&#8221; button_rel=&#8221;off|off|off|off|off&#8221; global_colors_info=&#8221;{}&#8221;][\/et_pb_button][\/et_pb_column][\/et_pb_row][et_pb_row column_structure=&#8221;1_2,1_2&#8243; use_custom_gutter=&#8221;on&#8221; gutter_width=&#8221;1&#8243; make_equal=&#8221;on&#8221; _builder_version=&#8221;4.20.0&#8243; _module_preset=&#8221;default&#8221; background_color=&#8221;RGBA(255,255,255,0)&#8221; custom_margin=&#8221;||||false|false&#8221; custom_padding=&#8221;0px|0px|0px|0px|false|false&#8221; border_width_all=&#8221;1px&#8221; global_colors_info=&#8221;{}&#8221;][et_pb_column type=&#8221;1_2&#8243; _builder_version=&#8221;4.20.0&#8243; _module_preset=&#8221;default&#8221; background_color=&#8221;RGBA(255,255,255,0)&#8221; custom_padding=&#8221;30px|30px|30px|30px|true|true&#8221; global_colors_info=&#8221;{}&#8221;][et_pb_text _builder_version=&#8221;4.20.0&#8243; _module_preset=&#8221;default&#8221; text_font=&#8221;|300|||||||&#8221; header_font=&#8221;|300|||||||&#8221; header_3_font=&#8221;|300|||||||&#8221; header_3_text_align=&#8221;center&#8221; header_3_text_color=&#8221;gcid-1b39a209-6a31-45ec-be14-7decef327fbf&#8221; header_3_font_size=&#8221;30px&#8221; header_4_font=&#8221;||||||||&#8221; header_4_text_color=&#8221;gcid-6b7c8b33-6a21-4273-9f84-30d3cdc3e626&#8243; header_4_font_size=&#8221;26px&#8221; custom_padding=&#8221;||20px||false|false&#8221; global_colors_info=&#8221;{%22gcid-1b39a209-6a31-45ec-be14-7decef327fbf%22:%91%22header_3_text_color%22%93,%22gcid-6b7c8b33-6a21-4273-9f84-30d3cdc3e626%22:%91%22header_4_text_color%22%93}&#8221;]<\/p>\n<h3>Online study<\/h3>\n<p style=\"text-align: justify;\">All you need is an email and a camera phone.<\/p>\n<h4>Three selfies that will change your life<\/h4>\n<p style=\"text-align: justify;\">If your schedule doesn't allow you to waste a single minute, don't worry. We have thought of everything. All you have to do is send us 3 photos of your face and our expert <strong>Cuca Miquel<\/strong> will conduct a study based on them.<\/p>\n<p style=\"text-align: justify;\">Click here and complete the form. We will send you the necessary instructions to start your study.<\/p>\n<p>[\/et_pb_text][et_pb_button button_url=&#8221;@ET-DC@eyJkeW5hbWljIjp0cnVlLCJjb250ZW50IjoicG9zdF9saW5rX3VybF9wYWdlIiwic2V0dGluZ3MiOnsicG9zdF9pZCI6Ijk2NDEifX0=@&#8221; button_text=&#8221;M\u00e1s informaci\u00f3n de estudio de la piel Online&#8221; button_alignment=&#8221;center&#8221; _builder_version=&#8221;4.20.0&#8243; _dynamic_attributes=&#8221;button_url&#8221; _module_preset=&#8221;default&#8221; global_colors_info=&#8221;{}&#8221;][\/et_pb_button][\/et_pb_column][et_pb_column type=&#8221;1_2&#8243; _builder_version=&#8221;4.20.0&#8243; _module_preset=&#8221;default&#8221; background_image=&#8221;https:\/\/www.todoenbelleza.es\/wp-content\/uploads\/2022\/05\/estudio-online.jpg&#8221; global_colors_info=&#8221;{}&#8221;][\/et_pb_column][\/et_pb_row][\/et_pb_section]<\/p>","protected":false},"excerpt":{"rendered":"<p>Estudios de la pielEl viaje empieza aqu\u00ed. Lo primero es realizar un completo estudio de la piel de tu rostro. Nuestros innovadores equipos de diagn\u00f3stico detectan las posibles anomal\u00edas y carencias que tu piel pueda mostrar. Aunque la parte m\u00e1s importante es la evaluaci\u00f3n de los resultados que realiza nuestra experta en la piel: Cuca [&hellip;]<\/p>","protected":false},"author":1,"featured_media":0,"parent":0,"menu_order":0,"comment_status":"closed","ping_status":"closed","template":"","meta":{"_et_pb_use_builder":"on","_et_pb_old_content":"","_et_gb_content_width":"","_joinchat":[]},"tratamientos":[],"genre":[],"yoast_head":"<!-- This site is optimized with the Yoast SEO plugin v20.10 - https:\/\/yoast.com\/wordpress\/plugins\/seo\/ -->\n<title>Estudios de la piel presencial y online - Todo en Belleza<\/title>\n<meta name=\"description\" content=\"Descubre nuestro estudio de la piel presencial y online. Te ofrecemos, un an\u00e1lisis personalizado y recomendaciones. \u00a1Luce sana y radiante!\" \/>\n<meta name=\"robots\" content=\"index, follow, max-snippet:-1, max-image-preview:large, max-video-preview:-1\" \/>\n<link rel=\"canonical\" href=\"https:\/\/www.todoenbelleza.es\/en\/estudios-de-la-piel-presencial-y-online\/\" \/>\n<meta property=\"og:locale\" content=\"en_GB\" \/>\n<meta property=\"og:type\" content=\"article\" \/>\n<meta property=\"og:title\" content=\"Estudios de la piel presencial y online - Todo en Belleza\" \/>\n<meta property=\"og:description\" content=\"Descubre nuestro estudio de la piel presencial y online. Te ofrecemos, un an\u00e1lisis personalizado y recomendaciones. \u00a1Luce sana y radiante!\" \/>\n<meta property=\"og:url\" content=\"https:\/\/www.todoenbelleza.es\/en\/estudios-de-la-piel-presencial-y-online\/\" \/>\n<meta property=\"og:site_name\" content=\"Todo en Belleza con Cuca Miquel\" \/>\n<meta property=\"article:publisher\" content=\"https:\/\/www.facebook.com\/www.todoenbelleza.es\/\" \/>\n<meta property=\"article:modified_time\" content=\"2023-06-28T11:18:44+00:00\" \/>\n<meta name=\"twitter:card\" content=\"summary_large_image\" \/>\n<meta name=\"twitter:site\" content=\"@todoenbelleza1\" \/>\n<meta name=\"twitter:label1\" content=\"Estimated reading time\" \/>\n\t<meta name=\"twitter:data1\" content=\"2 minutes\" \/>\n<!-- \/ Yoast SEO plugin. -->","yoast_head_json":{"title":"Estudios de la piel presencial y online - Todo en Belleza","description":"Descubre nuestro estudio de la piel presencial y online. Te ofrecemos, un an\u00e1lisis personalizado y recomendaciones. \u00a1Luce sana y radiante!","robots":{"index":"index","follow":"follow","max-snippet":"max-snippet:-1","max-image-preview":"max-image-preview:large","max-video-preview":"max-video-preview:-1"},"canonical":"https:\/\/www.todoenbelleza.es\/en\/estudios-de-la-piel-presencial-y-online\/","og_locale":"en_GB","og_type":"article","og_title":"Estudios de la piel presencial y online - Todo en Belleza","og_description":"Descubre nuestro estudio de la piel presencial y online. Te ofrecemos, un an\u00e1lisis personalizado y recomendaciones. \u00a1Luce sana y radiante!","og_url":"https:\/\/www.todoenbelleza.es\/en\/estudios-de-la-piel-presencial-y-online\/","og_site_name":"Todo en Belleza con Cuca Miquel","article_publisher":"https:\/\/www.facebook.com\/www.todoenbelleza.es\/","article_modified_time":"2023-06-28T11:18:44+00:00","twitter_card":"summary_large_image","twitter_site":"@todoenbelleza1","twitter_misc":{"Estimated reading time":"2 minutes"},"schema":{"@context":"https:\/\/schema.org","@graph":[{"@type":"WebPage","@id":"https:\/\/www.todoenbelleza.es\/estudios-de-la-piel-presencial-y-online\/","url":"https:\/\/www.todoenbelleza.es\/estudios-de-la-piel-presencial-y-online\/","name":"Estudios de la piel presencial y online - Todo en Belleza","isPartOf":{"@id":"https:\/\/www.todoenbelleza.es\/#website"},"datePublished":"2022-05-03T18:34:29+00:00","dateModified":"2023-06-28T11:18:44+00:00","description":"Descubre nuestro estudio de la piel presencial y online. Te ofrecemos, un an\u00e1lisis personalizado y recomendaciones. \u00a1Luce sana y radiante!","breadcrumb":{"@id":"https:\/\/www.todoenbelleza.es\/estudios-de-la-piel-presencial-y-online\/#breadcrumb"},"inLanguage":"en-GB","potentialAction":[{"@type":"ReadAction","target":["https:\/\/www.todoenbelleza.es\/estudios-de-la-piel-presencial-y-online\/"]}]},{"@type":"BreadcrumbList","@id":"https:\/\/www.todoenbelleza.es\/estudios-de-la-piel-presencial-y-online\/#breadcrumb","itemListElement":[{"@type":"ListItem","position":1,"name":"Portada","item":"https:\/\/www.todoenbelleza.es\/"},{"@type":"ListItem","position":2,"name":"Estudios de la piel presencial y online"}]},{"@type":"WebSite","@id":"https:\/\/www.todoenbelleza.es\/#website","url":"https:\/\/www.todoenbelleza.es\/","name":"Todo en Belleza con Cuca Miquel","description":"Centro de belleza y medicina est\u00e9tica en Madrid","publisher":{"@id":"https:\/\/www.todoenbelleza.es\/#organization"},"potentialAction":[{"@type":"SearchAction","target":{"@type":"EntryPoint","urlTemplate":"https:\/\/www.todoenbelleza.es\/?s={search_term_string}"},"query-input":"required name=search_term_string"}],"inLanguage":"en-GB"},{"@type":"Organization","@id":"https:\/\/www.todoenbelleza.es\/#organization","name":"Todo en Belleza con Cuca Miquel","url":"https:\/\/www.todoenbelleza.es\/","logo":{"@type":"ImageObject","inLanguage":"en-GB","@id":"https:\/\/www.todoenbelleza.es\/#\/schema\/logo\/image\/","url":"https:\/\/www.todoenbelleza.es\/wp-content\/uploads\/2023\/02\/logocabecera.png","contentUrl":"https:\/\/www.todoenbelleza.es\/wp-content\/uploads\/2023\/02\/logocabecera.png","width":311,"height":60,"caption":"Todo en Belleza con Cuca Miquel"},"image":{"@id":"https:\/\/www.todoenbelleza.es\/#\/schema\/logo\/image\/"},"sameAs":["https:\/\/www.facebook.com\/www.todoenbelleza.es\/","https:\/\/twitter.com\/todoenbelleza1","https:\/\/www.instagram.com\/todo.en.belleza_cucamiquel\/"]}]}},"_links":{"self":[{"href":"https:\/\/www.todoenbelleza.es\/en\/wp-json\/wp\/v2\/pages\/14456"}],"collection":[{"href":"https:\/\/www.todoenbelleza.es\/en\/wp-json\/wp\/v2\/pages"}],"about":[{"href":"https:\/\/www.todoenbelleza.es\/en\/wp-json\/wp\/v2\/types\/page"}],"author":[{"embeddable":true,"href":"https:\/\/www.todoenbelleza.es\/en\/wp-json\/wp\/v2\/users\/1"}],"replies":[{"embeddable":true,"href":"https:\/\/www.todoenbelleza.es\/en\/wp-json\/wp\/v2\/comments?post=14456"}],"version-history":[{"count":0,"href":"https:\/\/www.todoenbelleza.es\/en\/wp-json\/wp\/v2\/pages\/14456\/revisions"}],"wp:attachment":[{"href":"https:\/\/www.todoenbelleza.es\/en\/wp-json\/wp\/v2\/media?parent=14456"}],"wp:term":[{"taxonomy":"tratamientos","embeddable":true,"href":"https:\/\/www.todoenbelleza.es\/en\/wp-json\/wp\/v2\/tratamientos?post=14456"},{"taxonomy":"tratamiento","embeddable":true,"href":"https:\/\/www.todoenbelleza.es\/en\/wp-json\/wp\/v2\/genre?post=14456"}],"curies":[{"name":"wp","href":"https:\/\/api.w.org\/{rel}","templated":true}]}}